{"id":30987,"date":"2022-06-15T06:24:40","date_gmt":"2022-06-15T06:24:40","guid":{"rendered":"https:\/\/refactor-second-attempt.torseed.dev.greenparrot.pl\/produkt\/stewia-miodowy-lisc-10z\/"},"modified":"2023-03-29T18:40:02","modified_gmt":"2023-03-29T18:40:02","slug":"stewia-miodowy-lisc-10z","status":"publish","type":"product","link":"https:\/\/torseed.eu\/ru\/produkt\/stewia-miodowy-lisc-10z\/","title":{"rendered":"Stewia (Miodowy li\u015b\u0107) 10z"},"content":{"rendered":"<p>Jest bylin\u0105 pochodz\u0105c\u0105 z Paragwaju, w warunkach Polski jest ro\u015blin\u0105 jednoroczn\u0105, ale mo\u017ce by\u0107 uprawiana w doniczkach jako ro\u015blina wieloletnia. Wyrasta do 180 cm. Ro\u015blina uprawiana dla naturalnych s\u0142odzik\u00f3w, kt\u00f3re w stanie wyizolowanym s\u0105 150-400 razy s\u0142odsze od cukru o minimalnej warto\u015bci kalorycznej. Mo\u017cna stosowa\u0107 zar\u00f3wno li\u015bcie \u015bwie\u017ce do sa\u0142atek, kompot\u00f3w, d\u017cem\u00f3w (20 razy s\u0142odsze od cukru buraczanego) jak i susz do herbaty, wypiek\u00f3w, sos\u00f3w. Zio\u0142o ma w\u0142a\u015bciwo\u015bci lecznicze &#8211; obni\u017ca ci\u015bnienie krwi, reguluje poziom cukru we krwi, dzia\u0142a bakteriob\u00f3jczo, obni\u017ca apetyt.<\/p>","protected":false},"excerpt":{"rendered":"<p>Jest bylin\u0105 pochodz\u0105c\u0105 z Paragwaju, w warunkach Polski jest ro\u015blin\u0105 jednoroczn\u0105, ale mo\u017ce by\u0107 uprawiana w doniczkach jako ro\u015blina wieloletnia. Wyrasta do 180 cm. Ro\u015blina uprawiana dla naturalnych s\u0142odzik\u00f3w, kt\u00f3re w stanie wyizolowanym s\u0105 150-400 razy s\u0142odsze od cukru o minimalnej warto\u015bci kalorycznej. Mo\u017cna stosowa\u0107 zar\u00f3wno li\u015bcie \u015bwie\u017ce do sa\u0142atek, kompot\u00f3w, d\u017cem\u00f3w (20 razy s\u0142odsze [&hellip;]<\/p>\n","protected":false},"featured_media":18045,"comment_status":"open","ping_status":"open","template":"","meta":{"inline_featured_image":false},"product_cat":[122],"product_tag":[],"acf":[],"featured_image":"https:\/\/torseed.eu\/app\/uploads\/2023\/03\/7319.jpg","_links":{"self":[{"href":"https:\/\/torseed.eu\/ru\/wp-json\/wp\/v2\/product\/30987"}],"collection":[{"href":"https:\/\/torseed.eu\/ru\/wp-json\/wp\/v2\/product"}],"about":[{"href":"https:\/\/torseed.eu\/ru\/wp-json\/wp\/v2\/types\/product"}],"replies":[{"embeddable":true,"href":"https:\/\/torseed.eu\/ru\/wp-json\/wp\/v2\/comments?post=30987"}],"version-history":[{"count":0,"href":"https:\/\/torseed.eu\/ru\/wp-json\/wp\/v2\/product\/30987\/revisions"}],"wp:featuredmedia":[{"embeddable":true,"href":"https:\/\/torseed.eu\/ru\/wp-json\/wp\/v2\/media\/18045"}],"wp:attachment":[{"href":"https:\/\/torseed.eu\/ru\/wp-json\/wp\/v2\/media?parent=30987"}],"wp:term":[{"taxonomy":"product_cat","embeddable":true,"href":"https:\/\/torseed.eu\/ru\/wp-json\/wp\/v2\/product_cat?post=30987"},{"taxonomy":"product_tag","embeddable":true,"href":"https:\/\/torseed.eu\/ru\/wp-json\/wp\/v2\/product_tag?post=30987"}],"curies":[{"name":"wp","href":"https:\/\/api.w.org\/{rel}","templated":true}]}}