{"id":30989,"date":"2022-06-15T06:24:38","date_gmt":"2022-06-15T06:24:38","guid":{"rendered":"https:\/\/refactor-second-attempt.torseed.dev.greenparrot.pl\/produkt\/rozmaryn\/"},"modified":"2023-03-29T18:40:04","modified_gmt":"2023-03-29T18:40:04","slug":"rozmaryn","status":"publish","type":"product","link":"https:\/\/torseed.eu\/ru\/produkt\/rozmaryn\/","title":{"rendered":"Rozmaryn"},"content":{"rendered":"<p>Bardzo dekoracyjna ro\u015blina wykorzystywana w kuchni, kosmetyce, a tak\u017ce w lecznictwie. Zawiera du\u017ce ilo\u015bci olejk\u00f3w eterycznych wykazuj\u0105cych dzia\u0142anie odka\u017caj\u0105ce i konserwuj\u0105ce \u017cywno\u015b\u0107. Dodany do k\u0105pieli pobudza kr\u0105\u017cenie krwi. Wymaga gleby przepuszczalnej o odczynie oboj\u0119tnym. Mo\u017ce by\u0107 uprawiany w gruncie lub w doniczkach. Ro\u015blina nie odporna na mrozy.<\/p>","protected":false},"excerpt":{"rendered":"<p>Bardzo dekoracyjna ro\u015blina wykorzystywana w kuchni, kosmetyce, a tak\u017ce w lecznictwie. Zawiera du\u017ce ilo\u015bci olejk\u00f3w eterycznych wykazuj\u0105cych dzia\u0142anie odka\u017caj\u0105ce i konserwuj\u0105ce \u017cywno\u015b\u0107. Dodany do k\u0105pieli pobudza kr\u0105\u017cenie krwi. Wymaga gleby przepuszczalnej o odczynie oboj\u0119tnym. Mo\u017ce by\u0107 uprawiany w gruncie lub w doniczkach. Ro\u015blina nie odporna na mrozy.<\/p>\n","protected":false},"featured_media":18036,"comment_status":"open","ping_status":"open","template":"","meta":{"inline_featured_image":false},"product_cat":[122],"product_tag":[],"acf":[],"featured_image":"https:\/\/torseed.eu\/app\/uploads\/2023\/03\/8292.jpg","_links":{"self":[{"href":"https:\/\/torseed.eu\/ru\/wp-json\/wp\/v2\/product\/30989"}],"collection":[{"href":"https:\/\/torseed.eu\/ru\/wp-json\/wp\/v2\/product"}],"about":[{"href":"https:\/\/torseed.eu\/ru\/wp-json\/wp\/v2\/types\/product"}],"replies":[{"embeddable":true,"href":"https:\/\/torseed.eu\/ru\/wp-json\/wp\/v2\/comments?post=30989"}],"version-history":[{"count":0,"href":"https:\/\/torseed.eu\/ru\/wp-json\/wp\/v2\/product\/30989\/revisions"}],"wp:featuredmedia":[{"embeddable":true,"href":"https:\/\/torseed.eu\/ru\/wp-json\/wp\/v2\/media\/18036"}],"wp:attachment":[{"href":"https:\/\/torseed.eu\/ru\/wp-json\/wp\/v2\/media?parent=30989"}],"wp:term":[{"taxonomy":"product_cat","embeddable":true,"href":"https:\/\/torseed.eu\/ru\/wp-json\/wp\/v2\/product_cat?post=30989"},{"taxonomy":"product_tag","embeddable":true,"href":"https:\/\/torseed.eu\/ru\/wp-json\/wp\/v2\/product_tag?post=30989"}],"curies":[{"name":"wp","href":"https:\/\/api.w.org\/{rel}","templated":true}]}}