{"id":30990,"date":"2022-06-15T06:24:38","date_gmt":"2022-06-15T06:24:38","guid":{"rendered":"https:\/\/refactor-second-attempt.torseed.dev.greenparrot.pl\/produkt\/rumianek-pospolity\/"},"modified":"2023-03-29T18:40:04","modified_gmt":"2023-03-29T18:40:04","slug":"rumianek-pospolity","status":"publish","type":"product","link":"https:\/\/torseed.eu\/ru\/produkt\/rumianek-pospolity\/","title":{"rendered":"Rumianek pospolity"},"content":{"rendered":"<p>Ro\u015blina jednoroczna. Uprawiana z siewu jesiennego lub wczesnowiosennego. Nasion nie przykrywamy ziemi\u0105, tylko je dociskamy. Napar wykazuje dzia\u0142anie antyseptyczne, przeciwzapalne i rozkurczowe.<\/p>","protected":false},"excerpt":{"rendered":"<p>Ro\u015blina jednoroczna. Uprawiana z siewu jesiennego lub wczesnowiosennego. Nasion nie przykrywamy ziemi\u0105, tylko je dociskamy. Napar wykazuje dzia\u0142anie antyseptyczne, przeciwzapalne i rozkurczowe.<\/p>\n","protected":false},"featured_media":18039,"comment_status":"open","ping_status":"open","template":"","meta":{"inline_featured_image":false},"product_cat":[122],"product_tag":[],"acf":[],"featured_image":"https:\/\/torseed.eu\/app\/uploads\/2023\/03\/694.jpg","_links":{"self":[{"href":"https:\/\/torseed.eu\/ru\/wp-json\/wp\/v2\/product\/30990"}],"collection":[{"href":"https:\/\/torseed.eu\/ru\/wp-json\/wp\/v2\/product"}],"about":[{"href":"https:\/\/torseed.eu\/ru\/wp-json\/wp\/v2\/types\/product"}],"replies":[{"embeddable":true,"href":"https:\/\/torseed.eu\/ru\/wp-json\/wp\/v2\/comments?post=30990"}],"version-history":[{"count":0,"href":"https:\/\/torseed.eu\/ru\/wp-json\/wp\/v2\/product\/30990\/revisions"}],"wp:featuredmedia":[{"embeddable":true,"href":"https:\/\/torseed.eu\/ru\/wp-json\/wp\/v2\/media\/18039"}],"wp:attachment":[{"href":"https:\/\/torseed.eu\/ru\/wp-json\/wp\/v2\/media?parent=30990"}],"wp:term":[{"taxonomy":"product_cat","embeddable":true,"href":"https:\/\/torseed.eu\/ru\/wp-json\/wp\/v2\/product_cat?post=30990"},{"taxonomy":"product_tag","embeddable":true,"href":"https:\/\/torseed.eu\/ru\/wp-json\/wp\/v2\/product_tag?post=30990"}],"curies":[{"name":"wp","href":"https:\/\/api.w.org\/{rel}","templated":true}]}}