{"id":30992,"date":"2022-06-15T06:24:36","date_gmt":"2022-06-15T06:24:36","guid":{"rendered":"https:\/\/refactor-second-attempt.torseed.dev.greenparrot.pl\/produkt\/oregano-greckie\/"},"modified":"2023-03-29T18:40:05","modified_gmt":"2023-03-29T18:40:05","slug":"oregano-greckie","status":"publish","type":"product","link":"https:\/\/torseed.eu\/ru\/produkt\/oregano-greckie\/","title":{"rendered":"Oregano greckie"},"content":{"rendered":"<p>Wieloletnia ro\u015blina przyprawowa i zielarska o drobnych, jasnozielonych li\u015bciach. W stosunku do oregano w\u0142a\u015bciwego charakteryzuje si\u0119 bardziej intensywnym, pikantnym smakiem i aromatem oraz barw\u0105 kwiat\u00f3w (kwitnie na bia\u0142o). \u015awie\u017ce lub suszone ziele stosuje si\u0119 jako popularn\u0105 przypraw\u0119 do wielu potraw oraz w celach leczniczych, g\u0142\u00f3wnie w zaburzemniach uk\u0142adu pokarmowego. Oregano mo\u017ce by\u0107 uprawiane zar\u00f3wno w polu jak i w pojemnikach, r\u00f3wnie\u017c na balkonie.<\/p>","protected":false},"excerpt":{"rendered":"<p>Wieloletnia ro\u015blina przyprawowa i zielarska o drobnych, jasnozielonych li\u015bciach. W stosunku do oregano w\u0142a\u015bciwego charakteryzuje si\u0119 bardziej intensywnym, pikantnym smakiem i aromatem oraz barw\u0105 kwiat\u00f3w (kwitnie na bia\u0142o). \u015awie\u017ce lub suszone ziele stosuje si\u0119 jako popularn\u0105 przypraw\u0119 do wielu potraw oraz w celach leczniczych, g\u0142\u00f3wnie w zaburzemniach uk\u0142adu pokarmowego. Oregano mo\u017ce by\u0107 uprawiane zar\u00f3wno w [&hellip;]<\/p>\n","protected":false},"featured_media":18030,"comment_status":"open","ping_status":"open","template":"","meta":{"inline_featured_image":false},"product_cat":[122],"product_tag":[],"acf":[],"featured_image":"https:\/\/torseed.eu\/app\/uploads\/2023\/03\/9057.jpg","_links":{"self":[{"href":"https:\/\/torseed.eu\/ru\/wp-json\/wp\/v2\/product\/30992"}],"collection":[{"href":"https:\/\/torseed.eu\/ru\/wp-json\/wp\/v2\/product"}],"about":[{"href":"https:\/\/torseed.eu\/ru\/wp-json\/wp\/v2\/types\/product"}],"replies":[{"embeddable":true,"href":"https:\/\/torseed.eu\/ru\/wp-json\/wp\/v2\/comments?post=30992"}],"version-history":[{"count":0,"href":"https:\/\/torseed.eu\/ru\/wp-json\/wp\/v2\/product\/30992\/revisions"}],"wp:featuredmedia":[{"embeddable":true,"href":"https:\/\/torseed.eu\/ru\/wp-json\/wp\/v2\/media\/18030"}],"wp:attachment":[{"href":"https:\/\/torseed.eu\/ru\/wp-json\/wp\/v2\/media?parent=30992"}],"wp:term":[{"taxonomy":"product_cat","embeddable":true,"href":"https:\/\/torseed.eu\/ru\/wp-json\/wp\/v2\/product_cat?post=30992"},{"taxonomy":"product_tag","embeddable":true,"href":"https:\/\/torseed.eu\/ru\/wp-json\/wp\/v2\/product_tag?post=30992"}],"curies":[{"name":"wp","href":"https:\/\/api.w.org\/{rel}","templated":true}]}}