{"id":30996,"date":"2022-06-15T06:24:28","date_gmt":"2022-06-15T06:24:28","guid":{"rendered":"https:\/\/refactor-second-attempt.torseed.dev.greenparrot.pl\/produkt\/melisa-lekarska\/"},"modified":"2023-03-29T18:40:08","modified_gmt":"2023-03-29T18:40:08","slug":"melisa-lekarska","status":"publish","type":"product","link":"https:\/\/torseed.eu\/ru\/produkt\/melisa-lekarska\/","title":{"rendered":"Melisa lekarska"},"content":{"rendered":"<p>Ro\u015blina wieloletnia. \u015awie\u017ce lub\u00a0suszone li\u015bcie w\u00a0formie naparu wykazuj\u0105 dzia\u0142anie uspokajaj\u0105ce i\u00a0reguluj\u0105ce zaburzenia rytmu serca i\u00a0ci\u015bnienie t\u0119tnicze krwi.<\/p>","protected":false},"excerpt":{"rendered":"<p>Ro\u015blina wieloletnia. \u015awie\u017ce lub\u00a0suszone li\u015bcie w\u00a0formie naparu wykazuj\u0105 dzia\u0142anie uspokajaj\u0105ce i\u00a0reguluj\u0105ce zaburzenia rytmu serca i\u00a0ci\u015bnienie t\u0119tnicze krwi.<\/p>\n","protected":false},"featured_media":18018,"comment_status":"open","ping_status":"open","template":"","meta":{"inline_featured_image":false},"product_cat":[122],"product_tag":[],"acf":[],"featured_image":"https:\/\/torseed.eu\/app\/uploads\/2023\/03\/686.jpg","_links":{"self":[{"href":"https:\/\/torseed.eu\/ru\/wp-json\/wp\/v2\/product\/30996"}],"collection":[{"href":"https:\/\/torseed.eu\/ru\/wp-json\/wp\/v2\/product"}],"about":[{"href":"https:\/\/torseed.eu\/ru\/wp-json\/wp\/v2\/types\/product"}],"replies":[{"embeddable":true,"href":"https:\/\/torseed.eu\/ru\/wp-json\/wp\/v2\/comments?post=30996"}],"version-history":[{"count":0,"href":"https:\/\/torseed.eu\/ru\/wp-json\/wp\/v2\/product\/30996\/revisions"}],"wp:featuredmedia":[{"embeddable":true,"href":"https:\/\/torseed.eu\/ru\/wp-json\/wp\/v2\/media\/18018"}],"wp:attachment":[{"href":"https:\/\/torseed.eu\/ru\/wp-json\/wp\/v2\/media?parent=30996"}],"wp:term":[{"taxonomy":"product_cat","embeddable":true,"href":"https:\/\/torseed.eu\/ru\/wp-json\/wp\/v2\/product_cat?post=30996"},{"taxonomy":"product_tag","embeddable":true,"href":"https:\/\/torseed.eu\/ru\/wp-json\/wp\/v2\/product_tag?post=30996"}],"curies":[{"name":"wp","href":"https:\/\/api.w.org\/{rel}","templated":true}]}}