{"id":30998,"date":"2022-06-15T06:24:26","date_gmt":"2022-06-15T06:24:26","guid":{"rendered":"https:\/\/refactor-second-attempt.torseed.dev.greenparrot.pl\/produkt\/lubczyk-lekarski\/"},"modified":"2023-03-29T18:40:10","modified_gmt":"2023-03-29T18:40:10","slug":"lubczyk-lekarski","status":"publish","type":"product","link":"https:\/\/torseed.eu\/ru\/produkt\/lubczyk-lekarski\/","title":{"rendered":"Lubczyk lekarski"},"content":{"rendered":"<p>Ro\u015blina wieloletnia osi\u0105gaj\u0105ca wysoko\u015b\u0107 do 200 cm. Cz\u0119\u015bci\u0105 u\u017cytkow\u0105 s\u0105 li\u015bcie i ogonki li\u015bciowe zar\u00f3wno \u015bwie\u017ce jak i suszone, stosowane w gospodarstwie domowym jako przyprawa w typie &#8220;maggi&#8221;. Jako lek pobudza apetyt oraz prac\u0119 przewodu pokarmowego (r\u00f3wnie\u017c korzenie i k\u0142\u0105cza). Gramatura 0,2 grama.<\/p>","protected":false},"excerpt":{"rendered":"<p>Ro\u015blina wieloletnia osi\u0105gaj\u0105ca wysoko\u015b\u0107 do 200 cm. Cz\u0119\u015bci\u0105 u\u017cytkow\u0105 s\u0105 li\u015bcie i ogonki li\u015bciowe zar\u00f3wno \u015bwie\u017ce jak i suszone, stosowane w gospodarstwie domowym jako przyprawa w typie &#8220;maggi&#8221;. Jako lek pobudza apetyt oraz prac\u0119 przewodu pokarmowego (r\u00f3wnie\u017c korzenie i k\u0142\u0105cza). Gramatura 0,2 grama.<\/p>\n","protected":false},"featured_media":18009,"comment_status":"open","ping_status":"open","template":"","meta":{"inline_featured_image":false},"product_cat":[122],"product_tag":[],"acf":[],"featured_image":"https:\/\/torseed.eu\/app\/uploads\/2023\/03\/682.jpg","_links":{"self":[{"href":"https:\/\/torseed.eu\/ru\/wp-json\/wp\/v2\/product\/30998"}],"collection":[{"href":"https:\/\/torseed.eu\/ru\/wp-json\/wp\/v2\/product"}],"about":[{"href":"https:\/\/torseed.eu\/ru\/wp-json\/wp\/v2\/types\/product"}],"replies":[{"embeddable":true,"href":"https:\/\/torseed.eu\/ru\/wp-json\/wp\/v2\/comments?post=30998"}],"version-history":[{"count":0,"href":"https:\/\/torseed.eu\/ru\/wp-json\/wp\/v2\/product\/30998\/revisions"}],"wp:featuredmedia":[{"embeddable":true,"href":"https:\/\/torseed.eu\/ru\/wp-json\/wp\/v2\/media\/18009"}],"wp:attachment":[{"href":"https:\/\/torseed.eu\/ru\/wp-json\/wp\/v2\/media?parent=30998"}],"wp:term":[{"taxonomy":"product_cat","embeddable":true,"href":"https:\/\/torseed.eu\/ru\/wp-json\/wp\/v2\/product_cat?post=30998"},{"taxonomy":"product_tag","embeddable":true,"href":"https:\/\/torseed.eu\/ru\/wp-json\/wp\/v2\/product_tag?post=30998"}],"curies":[{"name":"wp","href":"https:\/\/api.w.org\/{rel}","templated":true}]}}