{"id":31000,"date":"2022-06-15T06:24:25","date_gmt":"2022-06-15T06:24:25","guid":{"rendered":"https:\/\/refactor-second-attempt.torseed.dev.greenparrot.pl\/produkt\/lawenda-lekarska\/"},"modified":"2023-03-29T18:40:12","modified_gmt":"2023-03-29T18:40:12","slug":"lawenda-lekarska","status":"publish","type":"product","link":"https:\/\/torseed.eu\/ru\/produkt\/lawenda-lekarska\/","title":{"rendered":"Lawenda lekarska"},"content":{"rendered":"<p>Ro\u015blina wieloletnia. Ziele posiada zastosowanie w lecznictwie jako \u015brodek bakteriob\u00f3jczy, przeciwb\u00f3lowy oraz w stanach pobudzenia nerwowego. <\/p>","protected":false},"excerpt":{"rendered":"<p>Ro\u015blina wieloletnia. Ziele posiada zastosowanie w lecznictwie jako \u015brodek bakteriob\u00f3jczy, przeciwb\u00f3lowy oraz w stanach pobudzenia nerwowego.<\/p>\n","protected":false},"featured_media":18006,"comment_status":"open","ping_status":"open","template":"","meta":{"inline_featured_image":false},"product_cat":[122],"product_tag":[],"acf":[],"featured_image":"https:\/\/torseed.eu\/app\/uploads\/2023\/03\/678.jpg","_links":{"self":[{"href":"https:\/\/torseed.eu\/ru\/wp-json\/wp\/v2\/product\/31000"}],"collection":[{"href":"https:\/\/torseed.eu\/ru\/wp-json\/wp\/v2\/product"}],"about":[{"href":"https:\/\/torseed.eu\/ru\/wp-json\/wp\/v2\/types\/product"}],"replies":[{"embeddable":true,"href":"https:\/\/torseed.eu\/ru\/wp-json\/wp\/v2\/comments?post=31000"}],"version-history":[{"count":0,"href":"https:\/\/torseed.eu\/ru\/wp-json\/wp\/v2\/product\/31000\/revisions"}],"wp:featuredmedia":[{"embeddable":true,"href":"https:\/\/torseed.eu\/ru\/wp-json\/wp\/v2\/media\/18006"}],"wp:attachment":[{"href":"https:\/\/torseed.eu\/ru\/wp-json\/wp\/v2\/media?parent=31000"}],"wp:term":[{"taxonomy":"product_cat","embeddable":true,"href":"https:\/\/torseed.eu\/ru\/wp-json\/wp\/v2\/product_cat?post=31000"},{"taxonomy":"product_tag","embeddable":true,"href":"https:\/\/torseed.eu\/ru\/wp-json\/wp\/v2\/product_tag?post=31000"}],"curies":[{"name":"wp","href":"https:\/\/api.w.org\/{rel}","templated":true}]}}