{"id":31001,"date":"2022-06-15T06:24:24","date_gmt":"2022-06-15T06:24:24","guid":{"rendered":"https:\/\/refactor-second-attempt.torseed.dev.greenparrot.pl\/produkt\/kozlek-lekarski\/"},"modified":"2023-03-29T18:40:12","modified_gmt":"2023-03-29T18:40:12","slug":"kozlek-lekarski","status":"publish","type":"product","link":"https:\/\/torseed.eu\/ru\/produkt\/kozlek-lekarski\/","title":{"rendered":"Koz\u0142ek lekarski"},"content":{"rendered":"<p>Ro\u015blina wieloletnia wysoko\u015bci 80-150 cm. Cz\u0119\u015bci\u0105 u\u017cytkow\u0105 s\u0105 korzenie. Wyci\u0105gi i nalewki z nich dzia\u0142aj\u0105 antydepresyjnie, uspokajaj\u0105co i jako lek nasercowy. Zbi\u00f3r p\u00f3\u017an\u0105 jesieni\u0105 po zaschni\u0119ciu cz\u0119\u015bci nadziemnej lub wczesn\u0105 wiosn\u0105.<\/p>","protected":false},"excerpt":{"rendered":"<p>Ro\u015blina wieloletnia wysoko\u015bci 80-150 cm. Cz\u0119\u015bci\u0105 u\u017cytkow\u0105 s\u0105 korzenie. Wyci\u0105gi i nalewki z nich dzia\u0142aj\u0105 antydepresyjnie, uspokajaj\u0105co i jako lek nasercowy. Zbi\u00f3r p\u00f3\u017an\u0105 jesieni\u0105 po zaschni\u0119ciu cz\u0119\u015bci nadziemnej lub wczesn\u0105 wiosn\u0105.<\/p>\n","protected":false},"featured_media":18003,"comment_status":"open","ping_status":"open","template":"","meta":{"inline_featured_image":false},"product_cat":[122],"product_tag":[],"acf":[],"featured_image":"https:\/\/torseed.eu\/app\/uploads\/2023\/03\/676.jpg","_links":{"self":[{"href":"https:\/\/torseed.eu\/ru\/wp-json\/wp\/v2\/product\/31001"}],"collection":[{"href":"https:\/\/torseed.eu\/ru\/wp-json\/wp\/v2\/product"}],"about":[{"href":"https:\/\/torseed.eu\/ru\/wp-json\/wp\/v2\/types\/product"}],"replies":[{"embeddable":true,"href":"https:\/\/torseed.eu\/ru\/wp-json\/wp\/v2\/comments?post=31001"}],"version-history":[{"count":0,"href":"https:\/\/torseed.eu\/ru\/wp-json\/wp\/v2\/product\/31001\/revisions"}],"wp:featuredmedia":[{"embeddable":true,"href":"https:\/\/torseed.eu\/ru\/wp-json\/wp\/v2\/media\/18003"}],"wp:attachment":[{"href":"https:\/\/torseed.eu\/ru\/wp-json\/wp\/v2\/media?parent=31001"}],"wp:term":[{"taxonomy":"product_cat","embeddable":true,"href":"https:\/\/torseed.eu\/ru\/wp-json\/wp\/v2\/product_cat?post=31001"},{"taxonomy":"product_tag","embeddable":true,"href":"https:\/\/torseed.eu\/ru\/wp-json\/wp\/v2\/product_tag?post=31001"}],"curies":[{"name":"wp","href":"https:\/\/api.w.org\/{rel}","templated":true}]}}