{"id":31003,"date":"2022-06-15T06:24:22","date_gmt":"2022-06-15T06:24:22","guid":{"rendered":"https:\/\/refactor-second-attempt.torseed.dev.greenparrot.pl\/produkt\/kolendra-siewna\/"},"modified":"2023-03-29T18:40:27","modified_gmt":"2023-03-29T18:40:27","slug":"kolendra-siewna","status":"publish","type":"product","link":"https:\/\/torseed.eu\/ru\/produkt\/kolendra-siewna\/","title":{"rendered":"Kolendra siewna"},"content":{"rendered":"<p>Ro\u015blina jednoroczna o wysoko\u015bci ok. 50 cm. Nasiona stosujemy jako kulinarn\u0105 przypraw\u0119, w lecznictwie za\u015b jako \u015brodek pobudzaj\u0105cy trawienie i czynno\u015bci jelit.<\/p>","protected":false},"excerpt":{"rendered":"<p>Ro\u015blina jednoroczna o wysoko\u015bci ok. 50 cm. Nasiona stosujemy jako kulinarn\u0105 przypraw\u0119, w lecznictwie za\u015b jako \u015brodek pobudzaj\u0105cy trawienie i czynno\u015bci jelit.<\/p>\n","protected":false},"featured_media":17994,"comment_status":"open","ping_status":"open","template":"","meta":{"inline_featured_image":false},"product_cat":[122],"product_tag":[],"acf":[],"featured_image":"https:\/\/torseed.eu\/app\/uploads\/2023\/03\/668.jpg","_links":{"self":[{"href":"https:\/\/torseed.eu\/ru\/wp-json\/wp\/v2\/product\/31003"}],"collection":[{"href":"https:\/\/torseed.eu\/ru\/wp-json\/wp\/v2\/product"}],"about":[{"href":"https:\/\/torseed.eu\/ru\/wp-json\/wp\/v2\/types\/product"}],"replies":[{"embeddable":true,"href":"https:\/\/torseed.eu\/ru\/wp-json\/wp\/v2\/comments?post=31003"}],"version-history":[{"count":0,"href":"https:\/\/torseed.eu\/ru\/wp-json\/wp\/v2\/product\/31003\/revisions"}],"wp:featuredmedia":[{"embeddable":true,"href":"https:\/\/torseed.eu\/ru\/wp-json\/wp\/v2\/media\/17994"}],"wp:attachment":[{"href":"https:\/\/torseed.eu\/ru\/wp-json\/wp\/v2\/media?parent=31003"}],"wp:term":[{"taxonomy":"product_cat","embeddable":true,"href":"https:\/\/torseed.eu\/ru\/wp-json\/wp\/v2\/product_cat?post=31003"},{"taxonomy":"product_tag","embeddable":true,"href":"https:\/\/torseed.eu\/ru\/wp-json\/wp\/v2\/product_tag?post=31003"}],"curies":[{"name":"wp","href":"https:\/\/api.w.org\/{rel}","templated":true}]}}