{"id":31007,"date":"2022-06-15T06:24:14","date_gmt":"2022-06-15T06:24:14","guid":{"rendered":"https:\/\/refactor-second-attempt.torseed.dev.greenparrot.pl\/produkt\/jezowka-purpurowa\/"},"modified":"2023-03-29T18:40:30","modified_gmt":"2023-03-29T18:40:30","slug":"jezowka-purpurowa","status":"publish","type":"product","link":"https:\/\/torseed.eu\/ru\/produkt\/jezowka-purpurowa\/","title":{"rendered":"Je\u017c\u00f3wka purpurowa"},"content":{"rendered":"<p>Ro\u015blina wieloletnia. Surowcem zielarskim s\u0105 korzenie i k\u0142\u0105cza zbierane jesieni\u0105 w ostatnim roku u\u017cytkowania plantacji oraz ziele zbierane w pocz\u0105tkowej fazie kwitnienia. Wyci\u0105g zawiera substancje antybakteryjne powoduj\u0105ce wzrost og\u00f3lnej odporno\u015bci organizmu.<\/p>","protected":false},"excerpt":{"rendered":"<p>Ro\u015blina wieloletnia. Surowcem zielarskim s\u0105 korzenie i k\u0142\u0105cza zbierane jesieni\u0105 w ostatnim roku u\u017cytkowania plantacji oraz ziele zbierane w pocz\u0105tkowej fazie kwitnienia. Wyci\u0105g zawiera substancje antybakteryjne powoduj\u0105ce wzrost og\u00f3lnej odporno\u015bci organizmu.<\/p>\n","protected":false},"featured_media":17985,"comment_status":"open","ping_status":"open","template":"","meta":{"inline_featured_image":false},"product_cat":[122],"product_tag":[],"acf":[],"featured_image":"https:\/\/torseed.eu\/app\/uploads\/2023\/03\/662.jpg","_links":{"self":[{"href":"https:\/\/torseed.eu\/ru\/wp-json\/wp\/v2\/product\/31007"}],"collection":[{"href":"https:\/\/torseed.eu\/ru\/wp-json\/wp\/v2\/product"}],"about":[{"href":"https:\/\/torseed.eu\/ru\/wp-json\/wp\/v2\/types\/product"}],"replies":[{"embeddable":true,"href":"https:\/\/torseed.eu\/ru\/wp-json\/wp\/v2\/comments?post=31007"}],"version-history":[{"count":0,"href":"https:\/\/torseed.eu\/ru\/wp-json\/wp\/v2\/product\/31007\/revisions"}],"wp:featuredmedia":[{"embeddable":true,"href":"https:\/\/torseed.eu\/ru\/wp-json\/wp\/v2\/media\/17985"}],"wp:attachment":[{"href":"https:\/\/torseed.eu\/ru\/wp-json\/wp\/v2\/media?parent=31007"}],"wp:term":[{"taxonomy":"product_cat","embeddable":true,"href":"https:\/\/torseed.eu\/ru\/wp-json\/wp\/v2\/product_cat?post=31007"},{"taxonomy":"product_tag","embeddable":true,"href":"https:\/\/torseed.eu\/ru\/wp-json\/wp\/v2\/product_tag?post=31007"}],"curies":[{"name":"wp","href":"https:\/\/api.w.org\/{rel}","templated":true}]}}