{"id":31013,"date":"2022-06-15T06:24:09","date_gmt":"2022-06-15T06:24:09","guid":{"rendered":"https:\/\/refactor-second-attempt.torseed.dev.greenparrot.pl\/produkt\/czarnuszka-siewna\/"},"modified":"2023-03-29T18:40:35","modified_gmt":"2023-03-29T18:40:35","slug":"czarnuszka-siewna","status":"publish","type":"product","link":"https:\/\/torseed.eu\/ru\/produkt\/czarnuszka-siewna\/","title":{"rendered":"Czarnuszka siewna"},"content":{"rendered":"<p>Ro\u015blina jednoroczna, kt\u00f3rej cz\u0119\u015b\u0107 u\u017cytkow\u0105 stanowi\u0105 nasiona stosowane jako dodatek do pieczywa. W lecznictwie napar z nasion wspomaga procesy trawienia oraz dzia\u0142a moczop\u0119dnie.<\/p>","protected":false},"excerpt":{"rendered":"<p>Ro\u015blina jednoroczna, kt\u00f3rej cz\u0119\u015b\u0107 u\u017cytkow\u0105 stanowi\u0105 nasiona stosowane jako dodatek do pieczywa. W lecznictwie napar z nasion wspomaga procesy trawienia oraz dzia\u0142a moczop\u0119dnie.<\/p>\n","protected":false},"featured_media":17967,"comment_status":"open","ping_status":"open","template":"","meta":{"inline_featured_image":false},"product_cat":[122],"product_tag":[],"acf":[],"featured_image":"https:\/\/torseed.eu\/app\/uploads\/2023\/03\/654.jpg","_links":{"self":[{"href":"https:\/\/torseed.eu\/ru\/wp-json\/wp\/v2\/product\/31013"}],"collection":[{"href":"https:\/\/torseed.eu\/ru\/wp-json\/wp\/v2\/product"}],"about":[{"href":"https:\/\/torseed.eu\/ru\/wp-json\/wp\/v2\/types\/product"}],"replies":[{"embeddable":true,"href":"https:\/\/torseed.eu\/ru\/wp-json\/wp\/v2\/comments?post=31013"}],"version-history":[{"count":0,"href":"https:\/\/torseed.eu\/ru\/wp-json\/wp\/v2\/product\/31013\/revisions"}],"wp:featuredmedia":[{"embeddable":true,"href":"https:\/\/torseed.eu\/ru\/wp-json\/wp\/v2\/media\/17967"}],"wp:attachment":[{"href":"https:\/\/torseed.eu\/ru\/wp-json\/wp\/v2\/media?parent=31013"}],"wp:term":[{"taxonomy":"product_cat","embeddable":true,"href":"https:\/\/torseed.eu\/ru\/wp-json\/wp\/v2\/product_cat?post=31013"},{"taxonomy":"product_tag","embeddable":true,"href":"https:\/\/torseed.eu\/ru\/wp-json\/wp\/v2\/product_tag?post=31013"}],"curies":[{"name":"wp","href":"https:\/\/api.w.org\/{rel}","templated":true}]}}