{"id":31015,"date":"2022-06-15T06:24:02","date_gmt":"2022-06-15T06:24:02","guid":{"rendered":"https:\/\/refactor-second-attempt.torseed.dev.greenparrot.pl\/produkt\/bazylia-zielona\/"},"modified":"2023-03-29T18:40:37","modified_gmt":"2023-03-29T18:40:37","slug":"bazylia-zielona","status":"publish","type":"product","link":"https:\/\/torseed.eu\/ru\/produkt\/bazylia-zielona\/","title":{"rendered":"Bazylia zielona"},"content":{"rendered":"<p>Ro\u015blina jednoroczna. Cz\u0119\u015bci\u0105 u\u017cytkow\u0105 s\u0105 \u015bwie\u017ce lub suszone li\u015bcie stosowane jako przyprawa do potraw. W lecznictwie jako zio\u0142o wspomagaj\u0105ce trawienie.<\/p>","protected":false},"excerpt":{"rendered":"<p>Ro\u015blina jednoroczna. Cz\u0119\u015bci\u0105 u\u017cytkow\u0105 s\u0105 \u015bwie\u017ce lub suszone li\u015bcie stosowane jako przyprawa do potraw. W lecznictwie jako zio\u0142o wspomagaj\u0105ce trawienie.<\/p>\n","protected":false},"featured_media":17961,"comment_status":"open","ping_status":"open","template":"","meta":{"inline_featured_image":false},"product_cat":[122],"product_tag":[],"acf":[],"featured_image":"https:\/\/torseed.eu\/app\/uploads\/2023\/03\/652.jpg","_links":{"self":[{"href":"https:\/\/torseed.eu\/ru\/wp-json\/wp\/v2\/product\/31015"}],"collection":[{"href":"https:\/\/torseed.eu\/ru\/wp-json\/wp\/v2\/product"}],"about":[{"href":"https:\/\/torseed.eu\/ru\/wp-json\/wp\/v2\/types\/product"}],"replies":[{"embeddable":true,"href":"https:\/\/torseed.eu\/ru\/wp-json\/wp\/v2\/comments?post=31015"}],"version-history":[{"count":0,"href":"https:\/\/torseed.eu\/ru\/wp-json\/wp\/v2\/product\/31015\/revisions"}],"wp:featuredmedia":[{"embeddable":true,"href":"https:\/\/torseed.eu\/ru\/wp-json\/wp\/v2\/media\/17961"}],"wp:attachment":[{"href":"https:\/\/torseed.eu\/ru\/wp-json\/wp\/v2\/media?parent=31015"}],"wp:term":[{"taxonomy":"product_cat","embeddable":true,"href":"https:\/\/torseed.eu\/ru\/wp-json\/wp\/v2\/product_cat?post=31015"},{"taxonomy":"product_tag","embeddable":true,"href":"https:\/\/torseed.eu\/ru\/wp-json\/wp\/v2\/product_tag?post=31015"}],"curies":[{"name":"wp","href":"https:\/\/api.w.org\/{rel}","templated":true}]}}