{"id":31016,"date":"2022-06-15T06:24:01","date_gmt":"2022-06-15T06:24:01","guid":{"rendered":"https:\/\/refactor-second-attempt.torseed.dev.greenparrot.pl\/produkt\/bazylia-grecka\/"},"modified":"2023-03-29T18:40:38","modified_gmt":"2023-03-29T18:40:38","slug":"bazylia-grecka","status":"publish","type":"product","link":"https:\/\/torseed.eu\/ru\/produkt\/bazylia-grecka\/","title":{"rendered":"Bazylia grecka"},"content":{"rendered":"<p>Odmiana bazylii o drobnych, jasnozielonych li\u015bciach i skupionym pokroju ro\u015bliny. Wysoko\u015b\u0107 ro\u015blin oko\u0142o 20 cm. Jej li\u015bcie charakteryzuje zdecydowanie bardziej pikantny smak. Stanowisko s\u0142oneczne i os\u0142oni\u0119te od wiatru, gleba \u017cyzna i wilgotna. Mo\u017ce by\u0107 uprawiana r\u00f3wnie\u017c na balkonie i parapecie okiennym.<\/p>","protected":false},"excerpt":{"rendered":"<p>Odmiana bazylii o drobnych, jasnozielonych li\u015bciach i skupionym pokroju ro\u015bliny. Wysoko\u015b\u0107 ro\u015blin oko\u0142o 20 cm. Jej li\u015bcie charakteryzuje zdecydowanie bardziej pikantny smak. Stanowisko s\u0142oneczne i os\u0142oni\u0119te od wiatru, gleba \u017cyzna i wilgotna. Mo\u017ce by\u0107 uprawiana r\u00f3wnie\u017c na balkonie i parapecie okiennym.<\/p>\n","protected":false},"featured_media":17958,"comment_status":"open","ping_status":"open","template":"","meta":{"inline_featured_image":false},"product_cat":[122],"product_tag":[],"acf":[],"featured_image":"https:\/\/torseed.eu\/app\/uploads\/2023\/03\/9056.jpg","_links":{"self":[{"href":"https:\/\/torseed.eu\/ru\/wp-json\/wp\/v2\/product\/31016"}],"collection":[{"href":"https:\/\/torseed.eu\/ru\/wp-json\/wp\/v2\/product"}],"about":[{"href":"https:\/\/torseed.eu\/ru\/wp-json\/wp\/v2\/types\/product"}],"replies":[{"embeddable":true,"href":"https:\/\/torseed.eu\/ru\/wp-json\/wp\/v2\/comments?post=31016"}],"version-history":[{"count":0,"href":"https:\/\/torseed.eu\/ru\/wp-json\/wp\/v2\/product\/31016\/revisions"}],"wp:featuredmedia":[{"embeddable":true,"href":"https:\/\/torseed.eu\/ru\/wp-json\/wp\/v2\/media\/17958"}],"wp:attachment":[{"href":"https:\/\/torseed.eu\/ru\/wp-json\/wp\/v2\/media?parent=31016"}],"wp:term":[{"taxonomy":"product_cat","embeddable":true,"href":"https:\/\/torseed.eu\/ru\/wp-json\/wp\/v2\/product_cat?post=31016"},{"taxonomy":"product_tag","embeddable":true,"href":"https:\/\/torseed.eu\/ru\/wp-json\/wp\/v2\/product_tag?post=31016"}],"curies":[{"name":"wp","href":"https:\/\/api.w.org\/{rel}","templated":true}]}}