{"id":31017,"date":"2022-06-15T06:24:00","date_gmt":"2022-06-15T06:24:00","guid":{"rendered":"https:\/\/refactor-second-attempt.torseed.dev.greenparrot.pl\/produkt\/bazylia-cytrynowa\/"},"modified":"2023-03-29T18:40:39","modified_gmt":"2023-03-29T18:40:39","slug":"bazylia-cytrynowa","status":"publish","type":"product","link":"https:\/\/torseed.eu\/ru\/produkt\/bazylia-cytrynowa\/","title":{"rendered":"Bazylia cytrynowa"},"content":{"rendered":"<p>Jednoroczna ro\u015blina przyprawowa i lecznicza o charakterystycznym cytrynowym aromacie. Wysoko\u015b\u0107 ro\u015blin 35-50 cm. Lubi miejsca nas\u0142onecznione i os\u0142oni\u0119te od wiatru. Mo\u017ce by\u0107 uprawiana tak\u017ce na balkonie i parapetach okiennych. Li\u015bcie mo\u017cna mrozi\u0107, suszy\u0107, albo przechowywa\u0107 w oliwie z sol\u0105.<\/p>","protected":false},"excerpt":{"rendered":"<p>Jednoroczna ro\u015blina przyprawowa i lecznicza o charakterystycznym cytrynowym aromacie. Wysoko\u015b\u0107 ro\u015blin 35-50 cm. Lubi miejsca nas\u0142onecznione i os\u0142oni\u0119te od wiatru. Mo\u017ce by\u0107 uprawiana tak\u017ce na balkonie i parapetach okiennych. Li\u015bcie mo\u017cna mrozi\u0107, suszy\u0107, albo przechowywa\u0107 w oliwie z sol\u0105.<\/p>\n","protected":false},"featured_media":27287,"comment_status":"open","ping_status":"closed","template":"","meta":{"inline_featured_image":false},"product_cat":[122],"product_tag":[],"acf":[],"featured_image":"https:\/\/torseed.eu\/app\/uploads\/2023\/03\/9054.jpg","_links":{"self":[{"href":"https:\/\/torseed.eu\/ru\/wp-json\/wp\/v2\/product\/31017"}],"collection":[{"href":"https:\/\/torseed.eu\/ru\/wp-json\/wp\/v2\/product"}],"about":[{"href":"https:\/\/torseed.eu\/ru\/wp-json\/wp\/v2\/types\/product"}],"replies":[{"embeddable":true,"href":"https:\/\/torseed.eu\/ru\/wp-json\/wp\/v2\/comments?post=31017"}],"version-history":[{"count":0,"href":"https:\/\/torseed.eu\/ru\/wp-json\/wp\/v2\/product\/31017\/revisions"}],"wp:featuredmedia":[{"embeddable":true,"href":"https:\/\/torseed.eu\/ru\/wp-json\/wp\/v2\/media\/27287"}],"wp:attachment":[{"href":"https:\/\/torseed.eu\/ru\/wp-json\/wp\/v2\/media?parent=31017"}],"wp:term":[{"taxonomy":"product_cat","embeddable":true,"href":"https:\/\/torseed.eu\/ru\/wp-json\/wp\/v2\/product_cat?post=31017"},{"taxonomy":"product_tag","embeddable":true,"href":"https:\/\/torseed.eu\/ru\/wp-json\/wp\/v2\/product_tag?post=31017"}],"curies":[{"name":"wp","href":"https:\/\/api.w.org\/{rel}","templated":true}]}}