{"id":31020,"date":"2022-06-15T06:23:57","date_gmt":"2022-06-15T06:23:57","guid":{"rendered":"https:\/\/refactor-second-attempt.torseed.dev.greenparrot.pl\/produkt\/owies-wielkanocny-na-zielono\/"},"modified":"2023-03-29T18:40:42","modified_gmt":"2023-03-29T18:40:42","slug":"owies-wielkanocny-na-zielono","status":"publish","type":"product","link":"https:\/\/torseed.eu\/ru\/produkt\/owies-wielkanocny-na-zielono\/","title":{"rendered":"Owies wielkanocny &#8220;na zielono&#8221;"},"content":{"rendered":"<p>Zawarte w opakowaniu nasiona owsa s\u0142u\u017cy\u0107 mog\u0105 do przygotowania dekoracji sto\u0142u wielkanocnego w spos\u00f3b podobny jak rze\u017cucha. Na kilku warstwach lignin nale\u017cy utrzymywa\u0107 sta\u0142\u0105 wysok\u0105 wilgotno\u015b\u0107 pod\u0142o\u017ca. Czas przygotowania wynosi 2-3 tygodnie. Zielone \u017ad\u017ab\u0142a s\u0142u\u017cy\u0107 mog\u0105 r\u00f3wnie\u017c jako dodatek paszowy dla niekt\u00f3rych zwierz\u0105t domowych<\/p>","protected":false},"excerpt":{"rendered":"<p>Zawarte w opakowaniu nasiona owsa s\u0142u\u017cy\u0107 mog\u0105 do przygotowania dekoracji sto\u0142u wielkanocnego w spos\u00f3b podobny jak rze\u017cucha. Na kilku warstwach lignin nale\u017cy utrzymywa\u0107 sta\u0142\u0105 wysok\u0105 wilgotno\u015b\u0107 pod\u0142o\u017ca. Czas przygotowania wynosi 2-3 tygodnie. Zielone \u017ad\u017ab\u0142a s\u0142u\u017cy\u0107 mog\u0105 r\u00f3wnie\u017c jako dodatek paszowy dla niekt\u00f3rych zwierz\u0105t domowych<\/p>\n","protected":false},"featured_media":17940,"comment_status":"open","ping_status":"open","template":"","meta":{"inline_featured_image":false},"product_cat":[108,118],"product_tag":[],"acf":[],"featured_image":"https:\/\/torseed.eu\/app\/uploads\/2023\/03\/645.jpg","_links":{"self":[{"href":"https:\/\/torseed.eu\/ru\/wp-json\/wp\/v2\/product\/31020"}],"collection":[{"href":"https:\/\/torseed.eu\/ru\/wp-json\/wp\/v2\/product"}],"about":[{"href":"https:\/\/torseed.eu\/ru\/wp-json\/wp\/v2\/types\/product"}],"replies":[{"embeddable":true,"href":"https:\/\/torseed.eu\/ru\/wp-json\/wp\/v2\/comments?post=31020"}],"version-history":[{"count":0,"href":"https:\/\/torseed.eu\/ru\/wp-json\/wp\/v2\/product\/31020\/revisions"}],"wp:featuredmedia":[{"embeddable":true,"href":"https:\/\/torseed.eu\/ru\/wp-json\/wp\/v2\/media\/17940"}],"wp:attachment":[{"href":"https:\/\/torseed.eu\/ru\/wp-json\/wp\/v2\/media?parent=31020"}],"wp:term":[{"taxonomy":"product_cat","embeddable":true,"href":"https:\/\/torseed.eu\/ru\/wp-json\/wp\/v2\/product_cat?post=31020"},{"taxonomy":"product_tag","embeddable":true,"href":"https:\/\/torseed.eu\/ru\/wp-json\/wp\/v2\/product_tag?post=31020"}],"curies":[{"name":"wp","href":"https:\/\/api.w.org\/{rel}","templated":true}]}}