{"id":31022,"date":"2022-06-15T06:23:49","date_gmt":"2022-06-15T06:23:49","guid":{"rendered":"https:\/\/refactor-second-attempt.torseed.dev.greenparrot.pl\/produkt\/szpinak-matador-tor\/"},"modified":"2023-03-29T18:40:56","modified_gmt":"2023-03-29T18:40:56","slug":"szpinak-matador-tor","status":"publish","type":"product","link":"https:\/\/torseed.eu\/ru\/produkt\/szpinak-matador-tor\/","title":{"rendered":"Szpinak Matador TOR"},"content":{"rendered":"\n<p>Odmiana do uprawy wiosennej, jesiennej, ozimej. nie wykazuje sk\u0142onnosci do wybijania w p\u0119dy nasienne. Li\u015bcie stanowi\u0105 r\u00f3wnie\u017c doskona\u0142y surowiec do mro\u017cenia.<\/p>\n","protected":false},"excerpt":{"rendered":"<p>Odmiana do uprawy wiosennej, jesiennej, ozimej. nie wykazuje sk\u0142onnosci do wybijania w p\u0119dy nasienne. Li\u015bcie stanowi\u0105 r\u00f3wnie\u017c doskona\u0142y surowiec do mro\u017cenia.<\/p>\n","protected":false},"featured_media":27250,"comment_status":"open","ping_status":"closed","template":"","meta":{"inline_featured_image":false},"product_cat":[108,118],"product_tag":[],"acf":[],"featured_image":"https:\/\/torseed.eu\/app\/uploads\/2023\/03\/541.jpg","_links":{"self":[{"href":"https:\/\/torseed.eu\/ru\/wp-json\/wp\/v2\/product\/31022"}],"collection":[{"href":"https:\/\/torseed.eu\/ru\/wp-json\/wp\/v2\/product"}],"about":[{"href":"https:\/\/torseed.eu\/ru\/wp-json\/wp\/v2\/types\/product"}],"replies":[{"embeddable":true,"href":"https:\/\/torseed.eu\/ru\/wp-json\/wp\/v2\/comments?post=31022"}],"version-history":[{"count":0,"href":"https:\/\/torseed.eu\/ru\/wp-json\/wp\/v2\/product\/31022\/revisions"}],"wp:featuredmedia":[{"embeddable":true,"href":"https:\/\/torseed.eu\/ru\/wp-json\/wp\/v2\/media\/27250"}],"wp:attachment":[{"href":"https:\/\/torseed.eu\/ru\/wp-json\/wp\/v2\/media?parent=31022"}],"wp:term":[{"taxonomy":"product_cat","embeddable":true,"href":"https:\/\/torseed.eu\/ru\/wp-json\/wp\/v2\/product_cat?post=31022"},{"taxonomy":"product_tag","embeddable":true,"href":"https:\/\/torseed.eu\/ru\/wp-json\/wp\/v2\/product_tag?post=31022"}],"curies":[{"name":"wp","href":"https:\/\/api.w.org\/{rel}","templated":true}]}}