{"id":31024,"date":"2022-06-15T06:23:47","date_gmt":"2022-06-15T06:23:47","guid":{"rendered":"https:\/\/refactor-second-attempt.torseed.dev.greenparrot.pl\/produkt\/szczypiorek-czosnkowy\/"},"modified":"2023-03-29T18:40:58","modified_gmt":"2023-03-29T18:40:58","slug":"szczypiorek-czosnkowy","status":"publish","type":"product","link":"https:\/\/torseed.eu\/ru\/produkt\/szczypiorek-czosnkowy\/","title":{"rendered":"Szczypiorek czosnkowy"},"content":{"rendered":"<p>Ro\u015blina wieloletnia, odporna na mrozy. Li\u015bcie na przekroju tr\u00f3jk\u0105tne, o wysokiej zawarto\u015bci mikro i makroelement\u00f3w i aromacie czosnku. Kwiaty bia\u0142e, bardzo dekoracyjne. Rozmna\u017canie przez wysiew nasion lub podzia\u0142 k\u0119pek. Mo\u017ce by\u0107 r\u00f3wnie\u017c uprawiany w doniczkach na balkonie.<\/p>","protected":false},"excerpt":{"rendered":"<p>Ro\u015blina wieloletnia, odporna na mrozy. Li\u015bcie na przekroju tr\u00f3jk\u0105tne, o wysokiej zawarto\u015bci mikro i makroelement\u00f3w i aromacie czosnku. Kwiaty bia\u0142e, bardzo dekoracyjne. Rozmna\u017canie przez wysiew nasion lub podzia\u0142 k\u0119pek. Mo\u017ce by\u0107 r\u00f3wnie\u017c uprawiany w doniczkach na balkonie.<\/p>\n","protected":false},"featured_media":17924,"comment_status":"open","ping_status":"open","template":"","meta":{"inline_featured_image":false},"product_cat":[108,118],"product_tag":[],"acf":[],"featured_image":"https:\/\/torseed.eu\/app\/uploads\/2023\/03\/8307.jpg","_links":{"self":[{"href":"https:\/\/torseed.eu\/ru\/wp-json\/wp\/v2\/product\/31024"}],"collection":[{"href":"https:\/\/torseed.eu\/ru\/wp-json\/wp\/v2\/product"}],"about":[{"href":"https:\/\/torseed.eu\/ru\/wp-json\/wp\/v2\/types\/product"}],"replies":[{"embeddable":true,"href":"https:\/\/torseed.eu\/ru\/wp-json\/wp\/v2\/comments?post=31024"}],"version-history":[{"count":0,"href":"https:\/\/torseed.eu\/ru\/wp-json\/wp\/v2\/product\/31024\/revisions"}],"wp:featuredmedia":[{"embeddable":true,"href":"https:\/\/torseed.eu\/ru\/wp-json\/wp\/v2\/media\/17924"}],"wp:attachment":[{"href":"https:\/\/torseed.eu\/ru\/wp-json\/wp\/v2\/media?parent=31024"}],"wp:term":[{"taxonomy":"product_cat","embeddable":true,"href":"https:\/\/torseed.eu\/ru\/wp-json\/wp\/v2\/product_cat?post=31024"},{"taxonomy":"product_tag","embeddable":true,"href":"https:\/\/torseed.eu\/ru\/wp-json\/wp\/v2\/product_tag?post=31024"}],"curies":[{"name":"wp","href":"https:\/\/api.w.org\/{rel}","templated":true}]}}