{"id":31027,"date":"2022-06-15T06:23:45","date_gmt":"2022-06-15T06:23:45","guid":{"rendered":"https:\/\/refactor-second-attempt.torseed.dev.greenparrot.pl\/produkt\/szczaw-ogrodowy\/"},"modified":"2023-03-29T18:41:01","modified_gmt":"2023-03-29T18:41:01","slug":"szczaw-ogrodowy","status":"publish","type":"product","link":"https:\/\/torseed.eu\/ru\/produkt\/szczaw-ogrodowy\/","title":{"rendered":"Szczaw ogrodowy"},"content":{"rendered":"<p>Ro\u015blina wieloletnia. Cz\u0119sto spotykana w ogr\u00f3dkach dzia\u0142kowych i przydomowych. Cz\u0119\u015bci\u0105 u\u017cytkow\u0105 s\u0105 jadalne li\u015bcie zawieraj\u0105ce witaminy (C, A, B1), \u017celazo oraz sole mineralne. Wskazane spo\u017cywanie na wiosn\u0119. Jednak w wi\u0119kszych ilo\u015bciach mo\u017ce odwapnia\u0107 organizm. Ro\u015bnie dobrze na ka\u017cdej glebie zasobnej w pr\u00f3chnic\u0119 i w sk\u0142adniki pokarmowe, dostatecznie wilgotnej. Wysokie dawki potasu przy jednocze\u015bnie \u015brednich lub du\u017cych dawkach azotu maj\u0105 wp\u0142yw na zmniejszenie kwasu szczawiowego w li\u015bciach. Szczaw ro\u015bnie r\u00f3wnie dobrze w przestrzeni otwartej, jak i w stanowisku zacienionym. Mo\u017cna sia\u0107 wczesn\u0105 wiosn\u0105 lub w sierpniu. Termin sierpniowy jest korzystniejszy, bo otrzymuje si\u0119 wtedy ju\u017c wiosn\u0105 nast\u0119pnego roku dobry plon. Odporny na mrozy mo\u017ce pozostawa\u0107 na jednym miejscu 3-4 lata.<\/p>","protected":false},"excerpt":{"rendered":"<p>Ro\u015blina wieloletnia. Cz\u0119sto spotykana w ogr\u00f3dkach dzia\u0142kowych i przydomowych. Cz\u0119\u015bci\u0105 u\u017cytkow\u0105 s\u0105 jadalne li\u015bcie zawieraj\u0105ce witaminy (C, A, B1), \u017celazo oraz sole mineralne. Wskazane spo\u017cywanie na wiosn\u0119. Jednak w wi\u0119kszych ilo\u015bciach mo\u017ce odwapnia\u0107 organizm. Ro\u015bnie dobrze na ka\u017cdej glebie zasobnej w pr\u00f3chnic\u0119 i w sk\u0142adniki pokarmowe, dostatecznie wilgotnej. Wysokie dawki potasu przy jednocze\u015bnie \u015brednich lub [&hellip;]<\/p>\n","protected":false},"featured_media":17915,"comment_status":"open","ping_status":"open","template":"","meta":{"inline_featured_image":false},"product_cat":[108,118],"product_tag":[],"acf":[],"featured_image":"https:\/\/torseed.eu\/app\/uploads\/2023\/03\/9150.jpg","_links":{"self":[{"href":"https:\/\/torseed.eu\/ru\/wp-json\/wp\/v2\/product\/31027"}],"collection":[{"href":"https:\/\/torseed.eu\/ru\/wp-json\/wp\/v2\/product"}],"about":[{"href":"https:\/\/torseed.eu\/ru\/wp-json\/wp\/v2\/types\/product"}],"replies":[{"embeddable":true,"href":"https:\/\/torseed.eu\/ru\/wp-json\/wp\/v2\/comments?post=31027"}],"version-history":[{"count":0,"href":"https:\/\/torseed.eu\/ru\/wp-json\/wp\/v2\/product\/31027\/revisions"}],"wp:featuredmedia":[{"embeddable":true,"href":"https:\/\/torseed.eu\/ru\/wp-json\/wp\/v2\/media\/17915"}],"wp:attachment":[{"href":"https:\/\/torseed.eu\/ru\/wp-json\/wp\/v2\/media?parent=31027"}],"wp:term":[{"taxonomy":"product_cat","embeddable":true,"href":"https:\/\/torseed.eu\/ru\/wp-json\/wp\/v2\/product_cat?post=31027"},{"taxonomy":"product_tag","embeddable":true,"href":"https:\/\/torseed.eu\/ru\/wp-json\/wp\/v2\/product_tag?post=31027"}],"curies":[{"name":"wp","href":"https:\/\/api.w.org\/{rel}","templated":true}]}}