{"id":31028,"date":"2022-06-15T06:23:44","date_gmt":"2022-06-15T06:23:44","guid":{"rendered":"https:\/\/refactor-second-attempt.torseed.dev.greenparrot.pl\/produkt\/skorzonera\/"},"modified":"2023-03-29T18:41:02","modified_gmt":"2023-03-29T18:41:02","slug":"skorzonera","status":"publish","type":"product","link":"https:\/\/torseed.eu\/ru\/produkt\/skorzonera\/","title":{"rendered":"Skorzonera"},"content":{"rendered":"<p>Cz\u0119\u015bci\u0105 jadaln\u0105 jest korze\u0144 spichrzowy o bia\u0142ym mi\u0105\u017cszu, d\u0142ugo\u015bci 20\u201330 cm. Udaje si\u0119 na glebach \u017cyznych, ciep\u0142ych, g\u0142\u0119boko uprawianych w drugim roku po oborniku. Skorzonera nazywana jest \u201ezimowym szparagiem\u201d, bo w smaku przypomina to warzywo i\u00a0r\u00f3wnie\u017c mo\u017ce zimowa\u0107 w gruncie. Nasiona sieje si\u0119 wczesn\u0105 wiosna, koniec marca \u2013 kwiecie\u0144, w rz\u0119dy do 20\u201330 cm, na g\u0142\u0119boko\u015b\u0107 1-3 cm. Na obsianie 1 ara potrzeba 150\u2013200 g nasion. Przy zbyt g\u0119stych wschodach ro\u015bliny nale\u017cy przerwa\u0107, pozostawiaj\u0105c w odst\u0119pach 5\u20138 cm.<\/p>","protected":false},"excerpt":{"rendered":"<p>Cz\u0119\u015bci\u0105 jadaln\u0105 jest korze\u0144 spichrzowy o bia\u0142ym mi\u0105\u017cszu, d\u0142ugo\u015bci 20\u201330 cm. Udaje si\u0119 na glebach \u017cyznych, ciep\u0142ych, g\u0142\u0119boko uprawianych w drugim roku po oborniku. Skorzonera nazywana jest \u201ezimowym szparagiem\u201d, bo w smaku przypomina to warzywo i\u00a0r\u00f3wnie\u017c mo\u017ce zimowa\u0107 w gruncie. Nasiona sieje si\u0119 wczesn\u0105 wiosna, koniec marca \u2013 kwiecie\u0144, w rz\u0119dy do 20\u201330 cm, na [&hellip;]<\/p>\n","protected":false},"featured_media":17909,"comment_status":"open","ping_status":"open","template":"","meta":{"inline_featured_image":false},"product_cat":[108,118],"product_tag":[],"acf":[],"featured_image":"https:\/\/torseed.eu\/app\/uploads\/2023\/03\/9149.jpg","_links":{"self":[{"href":"https:\/\/torseed.eu\/ru\/wp-json\/wp\/v2\/product\/31028"}],"collection":[{"href":"https:\/\/torseed.eu\/ru\/wp-json\/wp\/v2\/product"}],"about":[{"href":"https:\/\/torseed.eu\/ru\/wp-json\/wp\/v2\/types\/product"}],"replies":[{"embeddable":true,"href":"https:\/\/torseed.eu\/ru\/wp-json\/wp\/v2\/comments?post=31028"}],"version-history":[{"count":0,"href":"https:\/\/torseed.eu\/ru\/wp-json\/wp\/v2\/product\/31028\/revisions"}],"wp:featuredmedia":[{"embeddable":true,"href":"https:\/\/torseed.eu\/ru\/wp-json\/wp\/v2\/media\/17909"}],"wp:attachment":[{"href":"https:\/\/torseed.eu\/ru\/wp-json\/wp\/v2\/media?parent=31028"}],"wp:term":[{"taxonomy":"product_cat","embeddable":true,"href":"https:\/\/torseed.eu\/ru\/wp-json\/wp\/v2\/product_cat?post=31028"},{"taxonomy":"product_tag","embeddable":true,"href":"https:\/\/torseed.eu\/ru\/wp-json\/wp\/v2\/product_tag?post=31028"}],"curies":[{"name":"wp","href":"https:\/\/api.w.org\/{rel}","templated":true}]}}