{"id":31033,"date":"2022-06-15T06:23:35","date_gmt":"2022-06-15T06:23:35","guid":{"rendered":"https:\/\/refactor-second-attempt.torseed.dev.greenparrot.pl\/produkt\/seler-korzeniowy-makar\/"},"modified":"2023-03-29T18:41:06","modified_gmt":"2023-03-29T18:41:06","slug":"seler-korzeniowy-makar","status":"publish","type":"product","link":"https:\/\/torseed.eu\/ru\/produkt\/seler-korzeniowy-makar\/","title":{"rendered":"Seler korzeniowy Makar"},"content":{"rendered":"<p>Odmiana \u015bredniowczesna, plenna, odporna na septorioz\u0119. Zgrubienie du\u017ce bez sk\u0142onnosci do parcenia. Mi\u0105\u017csz bia\u0142y, nieciemniej\u0105cy.<\/p>","protected":false},"excerpt":{"rendered":"<p>Odmiana \u015bredniowczesna, plenna, odporna na septorioz\u0119. Zgrubienie du\u017ce bez sk\u0142onnosci do parcenia. Mi\u0105\u017csz bia\u0142y, nieciemniej\u0105cy.<\/p>\n","protected":false},"featured_media":17897,"comment_status":"open","ping_status":"open","template":"","meta":{"inline_featured_image":false},"product_cat":[108,118],"product_tag":[],"acf":[],"featured_image":"https:\/\/torseed.eu\/app\/uploads\/2023\/03\/4699.jpg","_links":{"self":[{"href":"https:\/\/torseed.eu\/ru\/wp-json\/wp\/v2\/product\/31033"}],"collection":[{"href":"https:\/\/torseed.eu\/ru\/wp-json\/wp\/v2\/product"}],"about":[{"href":"https:\/\/torseed.eu\/ru\/wp-json\/wp\/v2\/types\/product"}],"replies":[{"embeddable":true,"href":"https:\/\/torseed.eu\/ru\/wp-json\/wp\/v2\/comments?post=31033"}],"version-history":[{"count":0,"href":"https:\/\/torseed.eu\/ru\/wp-json\/wp\/v2\/product\/31033\/revisions"}],"wp:featuredmedia":[{"embeddable":true,"href":"https:\/\/torseed.eu\/ru\/wp-json\/wp\/v2\/media\/17897"}],"wp:attachment":[{"href":"https:\/\/torseed.eu\/ru\/wp-json\/wp\/v2\/media?parent=31033"}],"wp:term":[{"taxonomy":"product_cat","embeddable":true,"href":"https:\/\/torseed.eu\/ru\/wp-json\/wp\/v2\/product_cat?post=31033"},{"taxonomy":"product_tag","embeddable":true,"href":"https:\/\/torseed.eu\/ru\/wp-json\/wp\/v2\/product_tag?post=31033"}],"curies":[{"name":"wp","href":"https:\/\/api.w.org\/{rel}","templated":true}]}}