{"id":31035,"date":"2022-06-15T06:23:33","date_gmt":"2022-06-15T06:23:33","guid":{"rendered":"https:\/\/refactor-second-attempt.torseed.dev.greenparrot.pl\/produkt\/seler-korzeniowy-albin-otoczka\/"},"modified":"2023-03-29T18:41:07","modified_gmt":"2023-03-29T18:41:07","slug":"seler-korzeniowy-albin-otoczka","status":"publish","type":"product","link":"https:\/\/torseed.eu\/ru\/produkt\/seler-korzeniowy-albin-otoczka\/","title":{"rendered":"Seler korzeniowy Albin OTOCZKA"},"content":{"rendered":"<p>Odmiana \u015bredniowczesna (140 dni od wysadzenia rozsady), uniwersalna w u\u017cytkowaniu. Korze\u0144 du\u017cy, mi\u0105\u017csz aromatyczny, bia\u0142y bez pustych przestrzeni, nie zmienia koloru po ugotowaniu.<\/p>","protected":false},"excerpt":{"rendered":"<p>Odmiana \u015bredniowczesna (140 dni od wysadzenia rozsady), uniwersalna w u\u017cytkowaniu. Korze\u0144 du\u017cy, mi\u0105\u017csz aromatyczny, bia\u0142y bez pustych przestrzeni, nie zmienia koloru po ugotowaniu.<\/p>\n","protected":false},"featured_media":17888,"comment_status":"open","ping_status":"open","template":"","meta":{"inline_featured_image":false},"product_cat":[116,108],"product_tag":[],"acf":[],"featured_image":"https:\/\/torseed.eu\/app\/uploads\/2023\/03\/8391.jpg","_links":{"self":[{"href":"https:\/\/torseed.eu\/ru\/wp-json\/wp\/v2\/product\/31035"}],"collection":[{"href":"https:\/\/torseed.eu\/ru\/wp-json\/wp\/v2\/product"}],"about":[{"href":"https:\/\/torseed.eu\/ru\/wp-json\/wp\/v2\/types\/product"}],"replies":[{"embeddable":true,"href":"https:\/\/torseed.eu\/ru\/wp-json\/wp\/v2\/comments?post=31035"}],"version-history":[{"count":0,"href":"https:\/\/torseed.eu\/ru\/wp-json\/wp\/v2\/product\/31035\/revisions"}],"wp:featuredmedia":[{"embeddable":true,"href":"https:\/\/torseed.eu\/ru\/wp-json\/wp\/v2\/media\/17888"}],"wp:attachment":[{"href":"https:\/\/torseed.eu\/ru\/wp-json\/wp\/v2\/media?parent=31035"}],"wp:term":[{"taxonomy":"product_cat","embeddable":true,"href":"https:\/\/torseed.eu\/ru\/wp-json\/wp\/v2\/product_cat?post=31035"},{"taxonomy":"product_tag","embeddable":true,"href":"https:\/\/torseed.eu\/ru\/wp-json\/wp\/v2\/product_tag?post=31035"}],"curies":[{"name":"wp","href":"https:\/\/api.w.org\/{rel}","templated":true}]}}