{"id":31037,"date":"2022-06-15T06:23:32","date_gmt":"2022-06-15T06:23:32","guid":{"rendered":"https:\/\/refactor-second-attempt.torseed.dev.greenparrot.pl\/produkt\/seler-korzeniowy-albin\/"},"modified":"2023-03-29T18:41:09","modified_gmt":"2023-03-29T18:41:09","slug":"seler-korzeniowy-albin","status":"publish","type":"product","link":"https:\/\/torseed.eu\/ru\/produkt\/seler-korzeniowy-albin\/","title":{"rendered":"Seler korzeniowy Albin"},"content":{"rendered":"<p>Odmiana \u015bredniowczesna (140 dni od wysadzenia rozsady), uniwersalna w u\u017cytkowaniu. Korze\u0144 du\u017cy, mi\u0105\u017csz aromatyczny, bia\u0142y bez pustych przestrzeni, nie zmienia koloru po ugotowaniu.<\/p>","protected":false},"excerpt":{"rendered":"<p>Odmiana \u015bredniowczesna (140 dni od wysadzenia rozsady), uniwersalna w u\u017cytkowaniu. Korze\u0144 du\u017cy, mi\u0105\u017csz aromatyczny, bia\u0142y bez pustych przestrzeni, nie zmienia koloru po ugotowaniu.<\/p>\n","protected":false},"featured_media":17885,"comment_status":"open","ping_status":"open","template":"","meta":{"inline_featured_image":false},"product_cat":[108,118],"product_tag":[],"acf":[],"featured_image":"https:\/\/torseed.eu\/app\/uploads\/2023\/03\/8390.jpg","_links":{"self":[{"href":"https:\/\/torseed.eu\/ru\/wp-json\/wp\/v2\/product\/31037"}],"collection":[{"href":"https:\/\/torseed.eu\/ru\/wp-json\/wp\/v2\/product"}],"about":[{"href":"https:\/\/torseed.eu\/ru\/wp-json\/wp\/v2\/types\/product"}],"replies":[{"embeddable":true,"href":"https:\/\/torseed.eu\/ru\/wp-json\/wp\/v2\/comments?post=31037"}],"version-history":[{"count":0,"href":"https:\/\/torseed.eu\/ru\/wp-json\/wp\/v2\/product\/31037\/revisions"}],"wp:featuredmedia":[{"embeddable":true,"href":"https:\/\/torseed.eu\/ru\/wp-json\/wp\/v2\/media\/17885"}],"wp:attachment":[{"href":"https:\/\/torseed.eu\/ru\/wp-json\/wp\/v2\/media?parent=31037"}],"wp:term":[{"taxonomy":"product_cat","embeddable":true,"href":"https:\/\/torseed.eu\/ru\/wp-json\/wp\/v2\/product_cat?post=31037"},{"taxonomy":"product_tag","embeddable":true,"href":"https:\/\/torseed.eu\/ru\/wp-json\/wp\/v2\/product_tag?post=31037"}],"curies":[{"name":"wp","href":"https:\/\/api.w.org\/{rel}","templated":true}]}}