{"id":31044,"date":"2022-06-15T06:23:22","date_gmt":"2022-06-15T06:23:22","guid":{"rendered":"https:\/\/refactor-second-attempt.torseed.dev.greenparrot.pl\/produkt\/salata-lisciowa-do-uprawy-w-polu-rosela\/"},"modified":"2023-03-29T18:41:27","modified_gmt":"2023-03-29T18:41:27","slug":"salata-lisciowa-do-uprawy-w-polu-rosela","status":"publish","type":"product","link":"https:\/\/torseed.eu\/ru\/produkt\/salata-lisciowa-do-uprawy-w-polu-rosela\/","title":{"rendered":"Sa\u0142ata li\u015bciowa (do uprawy w polu) Rosela"},"content":{"rendered":"<p>Wczesna odmiana sa\u0142aty dekoracyjnej. Li\u015bcie b\u0142yszcz\u0105ce, do\u015b\u0107 du\u017ce o intensywnej czerwonej barwie, kruche, bardzo smaczne. Odmiana o kr\u00f3tkim okresie wegetacji, do uprawy ca\u0142orocznej.<\/p>","protected":false},"excerpt":{"rendered":"<p>Wczesna odmiana sa\u0142aty dekoracyjnej. Li\u015bcie b\u0142yszcz\u0105ce, do\u015b\u0107 du\u017ce o intensywnej czerwonej barwie, kruche, bardzo smaczne. Odmiana o kr\u00f3tkim okresie wegetacji, do uprawy ca\u0142orocznej.<\/p>\n","protected":false},"featured_media":17867,"comment_status":"open","ping_status":"open","template":"","meta":{"inline_featured_image":false},"product_cat":[108,118],"product_tag":[],"acf":[],"featured_image":"https:\/\/torseed.eu\/app\/uploads\/2023\/03\/8300.jpg","_links":{"self":[{"href":"https:\/\/torseed.eu\/ru\/wp-json\/wp\/v2\/product\/31044"}],"collection":[{"href":"https:\/\/torseed.eu\/ru\/wp-json\/wp\/v2\/product"}],"about":[{"href":"https:\/\/torseed.eu\/ru\/wp-json\/wp\/v2\/types\/product"}],"replies":[{"embeddable":true,"href":"https:\/\/torseed.eu\/ru\/wp-json\/wp\/v2\/comments?post=31044"}],"version-history":[{"count":0,"href":"https:\/\/torseed.eu\/ru\/wp-json\/wp\/v2\/product\/31044\/revisions"}],"wp:featuredmedia":[{"embeddable":true,"href":"https:\/\/torseed.eu\/ru\/wp-json\/wp\/v2\/media\/17867"}],"wp:attachment":[{"href":"https:\/\/torseed.eu\/ru\/wp-json\/wp\/v2\/media?parent=31044"}],"wp:term":[{"taxonomy":"product_cat","embeddable":true,"href":"https:\/\/torseed.eu\/ru\/wp-json\/wp\/v2\/product_cat?post=31044"},{"taxonomy":"product_tag","embeddable":true,"href":"https:\/\/torseed.eu\/ru\/wp-json\/wp\/v2\/product_tag?post=31044"}],"curies":[{"name":"wp","href":"https:\/\/api.w.org\/{rel}","templated":true}]}}