{"id":31048,"date":"2022-06-15T06:23:19","date_gmt":"2022-06-15T06:23:19","guid":{"rendered":"https:\/\/refactor-second-attempt.torseed.dev.greenparrot.pl\/produkt\/salata-lisciowa-do-uprawy-w-polu-dubacek\/"},"modified":"2023-03-29T18:41:31","modified_gmt":"2023-03-29T18:41:31","slug":"salata-lisciowa-do-uprawy-w-polu-dubacek","status":"publish","type":"product","link":"https:\/\/torseed.eu\/ru\/produkt\/salata-lisciowa-do-uprawy-w-polu-dubacek\/","title":{"rendered":"Sa\u0142ata li\u015bciowa (do uprawy w polu) Dubacek"},"content":{"rendered":"<p>Odmiana przeznaczona do uprawy wiosennej i letniej. Tworzy du\u017c\u0105, lu\u017an\u0105 rozet\u0119 powcinanych li\u015bci.<\/p>","protected":false},"excerpt":{"rendered":"<p>Odmiana przeznaczona do uprawy wiosennej i letniej. Tworzy du\u017c\u0105, lu\u017an\u0105 rozet\u0119 powcinanych li\u015bci.<\/p>\n","protected":false},"featured_media":17855,"comment_status":"open","ping_status":"open","template":"","meta":{"inline_featured_image":false},"product_cat":[108,118],"product_tag":[],"acf":[],"featured_image":"https:\/\/torseed.eu\/app\/uploads\/2023\/03\/510.jpg","_links":{"self":[{"href":"https:\/\/torseed.eu\/ru\/wp-json\/wp\/v2\/product\/31048"}],"collection":[{"href":"https:\/\/torseed.eu\/ru\/wp-json\/wp\/v2\/product"}],"about":[{"href":"https:\/\/torseed.eu\/ru\/wp-json\/wp\/v2\/types\/product"}],"replies":[{"embeddable":true,"href":"https:\/\/torseed.eu\/ru\/wp-json\/wp\/v2\/comments?post=31048"}],"version-history":[{"count":0,"href":"https:\/\/torseed.eu\/ru\/wp-json\/wp\/v2\/product\/31048\/revisions"}],"wp:featuredmedia":[{"embeddable":true,"href":"https:\/\/torseed.eu\/ru\/wp-json\/wp\/v2\/media\/17855"}],"wp:attachment":[{"href":"https:\/\/torseed.eu\/ru\/wp-json\/wp\/v2\/media?parent=31048"}],"wp:term":[{"taxonomy":"product_cat","embeddable":true,"href":"https:\/\/torseed.eu\/ru\/wp-json\/wp\/v2\/product_cat?post=31048"},{"taxonomy":"product_tag","embeddable":true,"href":"https:\/\/torseed.eu\/ru\/wp-json\/wp\/v2\/product_tag?post=31048"}],"curies":[{"name":"wp","href":"https:\/\/api.w.org\/{rel}","templated":true}]}}