{"id":31049,"date":"2022-06-15T06:23:18","date_gmt":"2022-06-15T06:23:18","guid":{"rendered":"https:\/\/refactor-second-attempt.torseed.dev.greenparrot.pl\/produkt\/salata-glow-krucha-do-upr-w-tunelu-i-w-polu-kumak-nano-gro\/"},"modified":"2023-03-29T18:41:32","modified_gmt":"2023-03-29T18:41:32","slug":"salata-glow-krucha-do-upr-w-tunelu-i-w-polu-kumak-nano-gro","status":"publish","type":"product","link":"https:\/\/torseed.eu\/ru\/produkt\/salata-glow-krucha-do-upr-w-tunelu-i-w-polu-kumak-nano-gro\/","title":{"rendered":"Sa\u0142ata g\u0142ow krucha (do upr.w tunelu i w polu) Kumak NANO-GRO"},"content":{"rendered":"<p>Odmiana przeznaczona  do uprawy pod os\u0142onami nieogrzewanymi oraz gruncie. G\u0142\u00f3wki \u015brednio- zwarte, zamkni\u0119te o barwie zielonej do jasnozielonej i ma\u0142ej sk\u0142onno\u015bci do wybijania w p\u0119dy kwiatostanowe. Odmiana o wyj\u0105tkowym smaku i konsystencji li\u015bci.<\/p>","protected":false},"excerpt":{"rendered":"<p>Odmiana przeznaczona do uprawy pod os\u0142onami nieogrzewanymi oraz gruncie. G\u0142\u00f3wki \u015brednio- zwarte, zamkni\u0119te o barwie zielonej do jasnozielonej i ma\u0142ej sk\u0142onno\u015bci do wybijania w p\u0119dy kwiatostanowe. Odmiana o wyj\u0105tkowym smaku i konsystencji li\u015bci.<\/p>\n","protected":false},"featured_media":17849,"comment_status":"open","ping_status":"open","template":"","meta":{"inline_featured_image":false},"product_cat":[108,112],"product_tag":[],"acf":[],"featured_image":"https:\/\/torseed.eu\/app\/uploads\/2023\/03\/4704.jpg","_links":{"self":[{"href":"https:\/\/torseed.eu\/ru\/wp-json\/wp\/v2\/product\/31049"}],"collection":[{"href":"https:\/\/torseed.eu\/ru\/wp-json\/wp\/v2\/product"}],"about":[{"href":"https:\/\/torseed.eu\/ru\/wp-json\/wp\/v2\/types\/product"}],"replies":[{"embeddable":true,"href":"https:\/\/torseed.eu\/ru\/wp-json\/wp\/v2\/comments?post=31049"}],"version-history":[{"count":0,"href":"https:\/\/torseed.eu\/ru\/wp-json\/wp\/v2\/product\/31049\/revisions"}],"wp:featuredmedia":[{"embeddable":true,"href":"https:\/\/torseed.eu\/ru\/wp-json\/wp\/v2\/media\/17849"}],"wp:attachment":[{"href":"https:\/\/torseed.eu\/ru\/wp-json\/wp\/v2\/media?parent=31049"}],"wp:term":[{"taxonomy":"product_cat","embeddable":true,"href":"https:\/\/torseed.eu\/ru\/wp-json\/wp\/v2\/product_cat?post=31049"},{"taxonomy":"product_tag","embeddable":true,"href":"https:\/\/torseed.eu\/ru\/wp-json\/wp\/v2\/product_tag?post=31049"}],"curies":[{"name":"wp","href":"https:\/\/api.w.org\/{rel}","templated":true}]}}