{"id":31052,"date":"2022-06-15T06:23:10","date_gmt":"2022-06-15T06:23:10","guid":{"rendered":"https:\/\/refactor-second-attempt.torseed.dev.greenparrot.pl\/produkt\/salata-glow-krucha-do-upr-w-tunelu-i-w-polu-kinga\/"},"modified":"2023-03-29T18:41:34","modified_gmt":"2023-03-29T18:41:34","slug":"salata-glow-krucha-do-upr-w-tunelu-i-w-polu-kinga","status":"publish","type":"product","link":"https:\/\/torseed.eu\/ru\/produkt\/salata-glow-krucha-do-upr-w-tunelu-i-w-polu-kinga\/","title":{"rendered":"Sa\u0142ata g\u0142ow krucha (do upr.w tunelu i w polu) Kinga"},"content":{"rendered":"<p>\u015aredniowczesna odmiana sa\u0142aty kruchej (lodowej), przeznaczona do ca\u0142orocznej uprawy w polu oraz wczesnowiosennej w tunelach foliowych. Tworzy du\u017ce, twarde, lekko sp\u0142aszczone g\u0142\u00f3wki o masie 750-1200 g.<\/p>","protected":false},"excerpt":{"rendered":"<p>\u015aredniowczesna odmiana sa\u0142aty kruchej (lodowej), przeznaczona do ca\u0142orocznej uprawy w polu oraz wczesnowiosennej w tunelach foliowych. Tworzy du\u017ce, twarde, lekko sp\u0142aszczone g\u0142\u00f3wki o masie 750-1200 g.<\/p>\n","protected":false},"featured_media":17840,"comment_status":"open","ping_status":"open","template":"","meta":{"inline_featured_image":false},"product_cat":[108,118],"product_tag":[],"acf":[],"featured_image":"https:\/\/torseed.eu\/app\/uploads\/2023\/03\/8898.jpg","_links":{"self":[{"href":"https:\/\/torseed.eu\/ru\/wp-json\/wp\/v2\/product\/31052"}],"collection":[{"href":"https:\/\/torseed.eu\/ru\/wp-json\/wp\/v2\/product"}],"about":[{"href":"https:\/\/torseed.eu\/ru\/wp-json\/wp\/v2\/types\/product"}],"replies":[{"embeddable":true,"href":"https:\/\/torseed.eu\/ru\/wp-json\/wp\/v2\/comments?post=31052"}],"version-history":[{"count":0,"href":"https:\/\/torseed.eu\/ru\/wp-json\/wp\/v2\/product\/31052\/revisions"}],"wp:featuredmedia":[{"embeddable":true,"href":"https:\/\/torseed.eu\/ru\/wp-json\/wp\/v2\/media\/17840"}],"wp:attachment":[{"href":"https:\/\/torseed.eu\/ru\/wp-json\/wp\/v2\/media?parent=31052"}],"wp:term":[{"taxonomy":"product_cat","embeddable":true,"href":"https:\/\/torseed.eu\/ru\/wp-json\/wp\/v2\/product_cat?post=31052"},{"taxonomy":"product_tag","embeddable":true,"href":"https:\/\/torseed.eu\/ru\/wp-json\/wp\/v2\/product_tag?post=31052"}],"curies":[{"name":"wp","href":"https:\/\/api.w.org\/{rel}","templated":true}]}}