{"id":31053,"date":"2022-06-15T06:23:09","date_gmt":"2022-06-15T06:23:09","guid":{"rendered":"https:\/\/refactor-second-attempt.torseed.dev.greenparrot.pl\/produkt\/salata-glow-krucha-do-upr-w-tunelu-i-w-polu-kamelot\/"},"modified":"2023-03-29T18:41:35","modified_gmt":"2023-03-29T18:41:35","slug":"salata-glow-krucha-do-upr-w-tunelu-i-w-polu-kamelot","status":"publish","type":"product","link":"https:\/\/torseed.eu\/ru\/produkt\/salata-glow-krucha-do-upr-w-tunelu-i-w-polu-kamelot\/","title":{"rendered":"Sa\u0142ata g\u0142ow krucha (do upr.w tunelu i w polu) Kamelot"},"content":{"rendered":"<p>Odmiana p\u00f3\u017anej (80-90 dni) sa\u0142aty lodowej w typie Batavia, do ca\u0142osezonowej uprawy w polu. G\u0142\u00f3wka okr\u0105g\u0142a, \u015brednio \u015bcis\u0142a. Li\u015bcie jasnozielone, smaczne o doskona\u0142ej strukturze.<\/p>","protected":false},"excerpt":{"rendered":"<p>Odmiana p\u00f3\u017anej (80-90 dni) sa\u0142aty lodowej w typie Batavia, do ca\u0142osezonowej uprawy w polu. G\u0142\u00f3wka okr\u0105g\u0142a, \u015brednio \u015bcis\u0142a. Li\u015bcie jasnozielone, smaczne o doskona\u0142ej strukturze.<\/p>\n","protected":false},"featured_media":17837,"comment_status":"open","ping_status":"open","template":"","meta":{"inline_featured_image":false},"product_cat":[108,118],"product_tag":[],"acf":[],"featured_image":"https:\/\/torseed.eu\/app\/uploads\/2023\/03\/8389.jpg","_links":{"self":[{"href":"https:\/\/torseed.eu\/ru\/wp-json\/wp\/v2\/product\/31053"}],"collection":[{"href":"https:\/\/torseed.eu\/ru\/wp-json\/wp\/v2\/product"}],"about":[{"href":"https:\/\/torseed.eu\/ru\/wp-json\/wp\/v2\/types\/product"}],"replies":[{"embeddable":true,"href":"https:\/\/torseed.eu\/ru\/wp-json\/wp\/v2\/comments?post=31053"}],"version-history":[{"count":0,"href":"https:\/\/torseed.eu\/ru\/wp-json\/wp\/v2\/product\/31053\/revisions"}],"wp:featuredmedia":[{"embeddable":true,"href":"https:\/\/torseed.eu\/ru\/wp-json\/wp\/v2\/media\/17837"}],"wp:attachment":[{"href":"https:\/\/torseed.eu\/ru\/wp-json\/wp\/v2\/media?parent=31053"}],"wp:term":[{"taxonomy":"product_cat","embeddable":true,"href":"https:\/\/torseed.eu\/ru\/wp-json\/wp\/v2\/product_cat?post=31053"},{"taxonomy":"product_tag","embeddable":true,"href":"https:\/\/torseed.eu\/ru\/wp-json\/wp\/v2\/product_tag?post=31053"}],"curies":[{"name":"wp","href":"https:\/\/api.w.org\/{rel}","templated":true}]}}