{"id":31054,"date":"2022-06-15T06:23:08","date_gmt":"2022-06-15T06:23:08","guid":{"rendered":"https:\/\/refactor-second-attempt.torseed.dev.greenparrot.pl\/produkt\/salata-glow-krucha-do-upr-w-tunelu-i-w-polu-doree-de-printemps\/"},"modified":"2023-03-29T18:41:36","modified_gmt":"2023-03-29T18:41:36","slug":"salata-glow-krucha-do-upr-w-tunelu-i-w-polu-doree-de-printemps","status":"publish","type":"product","link":"https:\/\/torseed.eu\/ru\/produkt\/salata-glow-krucha-do-upr-w-tunelu-i-w-polu-doree-de-printemps\/","title":{"rendered":"Sa\u0142ata g\u0142ow krucha (do upr.w tunelu i w polu) Doree de Printemps"},"content":{"rendered":"<p>Typ sa\u0142aty lodowej odpornej na wy\u017csze temperatury i wybijanie w p\u0119dy nasienne. Uprawa w polu mo\u017cliwa od wczesnej wiosny do jesieni. \u015arednia masa g\u00f3wki wynosi 700 g.<\/p>","protected":false},"excerpt":{"rendered":"<p>Typ sa\u0142aty lodowej odpornej na wy\u017csze temperatury i wybijanie w p\u0119dy nasienne. Uprawa w polu mo\u017cliwa od wczesnej wiosny do jesieni. \u015arednia masa g\u00f3wki wynosi 700 g.<\/p>\n","protected":false},"featured_media":17831,"comment_status":"open","ping_status":"open","template":"","meta":{"inline_featured_image":false},"product_cat":[108,118],"product_tag":[],"acf":[],"featured_image":"https:\/\/torseed.eu\/app\/uploads\/2023\/03\/8387.jpg","_links":{"self":[{"href":"https:\/\/torseed.eu\/ru\/wp-json\/wp\/v2\/product\/31054"}],"collection":[{"href":"https:\/\/torseed.eu\/ru\/wp-json\/wp\/v2\/product"}],"about":[{"href":"https:\/\/torseed.eu\/ru\/wp-json\/wp\/v2\/types\/product"}],"replies":[{"embeddable":true,"href":"https:\/\/torseed.eu\/ru\/wp-json\/wp\/v2\/comments?post=31054"}],"version-history":[{"count":0,"href":"https:\/\/torseed.eu\/ru\/wp-json\/wp\/v2\/product\/31054\/revisions"}],"wp:featuredmedia":[{"embeddable":true,"href":"https:\/\/torseed.eu\/ru\/wp-json\/wp\/v2\/media\/17831"}],"wp:attachment":[{"href":"https:\/\/torseed.eu\/ru\/wp-json\/wp\/v2\/media?parent=31054"}],"wp:term":[{"taxonomy":"product_cat","embeddable":true,"href":"https:\/\/torseed.eu\/ru\/wp-json\/wp\/v2\/product_cat?post=31054"},{"taxonomy":"product_tag","embeddable":true,"href":"https:\/\/torseed.eu\/ru\/wp-json\/wp\/v2\/product_tag?post=31054"}],"curies":[{"name":"wp","href":"https:\/\/api.w.org\/{rel}","templated":true}]}}