{"id":31055,"date":"2022-06-15T06:23:08","date_gmt":"2022-06-15T06:23:08","guid":{"rendered":"https:\/\/refactor-second-attempt.torseed.dev.greenparrot.pl\/produkt\/salata-glow-krucha-do-upr-w-tunelu-i-w-polu-great-lakes-118\/"},"modified":"2023-03-29T18:41:37","modified_gmt":"2023-03-29T18:41:37","slug":"salata-glow-krucha-do-upr-w-tunelu-i-w-polu-great-lakes-118","status":"publish","type":"product","link":"https:\/\/torseed.eu\/ru\/produkt\/salata-glow-krucha-do-upr-w-tunelu-i-w-polu-great-lakes-118\/","title":{"rendered":"Sa\u0142ata g\u0142ow krucha (do upr.w tunelu i w polu) Great Lakes 118"},"content":{"rendered":"<p>Typ sa\u0142aty lodowej odpornej na wy\u017csze temperatury i wybijanie w p\u0119dy nasienne. Upraw w polu mo\u017cliwa od wczesnej wiosny do jesieni. \u015arednia masa g\u0142\u00f3wki 700 g.<\/p>","protected":false},"excerpt":{"rendered":"<p>Typ sa\u0142aty lodowej odpornej na wy\u017csze temperatury i wybijanie w p\u0119dy nasienne. Upraw w polu mo\u017cliwa od wczesnej wiosny do jesieni. \u015arednia masa g\u0142\u00f3wki 700 g.<\/p>\n","protected":false},"featured_media":17834,"comment_status":"open","ping_status":"open","template":"","meta":{"inline_featured_image":false},"product_cat":[108,118],"product_tag":[],"acf":[],"featured_image":"https:\/\/torseed.eu\/app\/uploads\/2023\/03\/8388.jpg","_links":{"self":[{"href":"https:\/\/torseed.eu\/ru\/wp-json\/wp\/v2\/product\/31055"}],"collection":[{"href":"https:\/\/torseed.eu\/ru\/wp-json\/wp\/v2\/product"}],"about":[{"href":"https:\/\/torseed.eu\/ru\/wp-json\/wp\/v2\/types\/product"}],"replies":[{"embeddable":true,"href":"https:\/\/torseed.eu\/ru\/wp-json\/wp\/v2\/comments?post=31055"}],"version-history":[{"count":0,"href":"https:\/\/torseed.eu\/ru\/wp-json\/wp\/v2\/product\/31055\/revisions"}],"wp:featuredmedia":[{"embeddable":true,"href":"https:\/\/torseed.eu\/ru\/wp-json\/wp\/v2\/media\/17834"}],"wp:attachment":[{"href":"https:\/\/torseed.eu\/ru\/wp-json\/wp\/v2\/media?parent=31055"}],"wp:term":[{"taxonomy":"product_cat","embeddable":true,"href":"https:\/\/torseed.eu\/ru\/wp-json\/wp\/v2\/product_cat?post=31055"},{"taxonomy":"product_tag","embeddable":true,"href":"https:\/\/torseed.eu\/ru\/wp-json\/wp\/v2\/product_tag?post=31055"}],"curies":[{"name":"wp","href":"https:\/\/api.w.org\/{rel}","templated":true}]}}