{"id":31057,"date":"2022-06-15T06:23:06","date_gmt":"2022-06-15T06:23:06","guid":{"rendered":"https:\/\/refactor-second-attempt.torseed.dev.greenparrot.pl\/produkt\/salata-glow-masl-do-upr-w-tun-i-w-polu-zina\/"},"modified":"2023-03-29T18:41:38","modified_gmt":"2023-03-29T18:41:38","slug":"salata-glow-masl-do-upr-w-tun-i-w-polu-zina","status":"publish","type":"product","link":"https:\/\/torseed.eu\/ru\/produkt\/salata-glow-masl-do-upr-w-tun-i-w-polu-zina\/","title":{"rendered":"Sa\u0142ata g\u0142ow.mas\u0142.(do upr.w tun.i w polu) Zina"},"content":{"rendered":"<p>Odmiana mrozoodporna do uprawy ozimej w rejonach o \u0142agodniejszym klimacie. Daje bardzo wczesny plon na wiosn\u0119. G\u0142\u00f3wka zwi\u0119z\u0142a, zamkni\u0119ta, \u015bredniej wielko\u015bci.<\/p>","protected":false},"excerpt":{"rendered":"<p>Odmiana mrozoodporna do uprawy ozimej w rejonach o \u0142agodniejszym klimacie. Daje bardzo wczesny plon na wiosn\u0119. G\u0142\u00f3wka zwi\u0119z\u0142a, zamkni\u0119ta, \u015bredniej wielko\u015bci.<\/p>\n","protected":false},"featured_media":17825,"comment_status":"open","ping_status":"open","template":"","meta":{"inline_featured_image":false},"product_cat":[108,118],"product_tag":[],"acf":[],"featured_image":"https:\/\/torseed.eu\/app\/uploads\/2023\/03\/8163.jpg","_links":{"self":[{"href":"https:\/\/torseed.eu\/ru\/wp-json\/wp\/v2\/product\/31057"}],"collection":[{"href":"https:\/\/torseed.eu\/ru\/wp-json\/wp\/v2\/product"}],"about":[{"href":"https:\/\/torseed.eu\/ru\/wp-json\/wp\/v2\/types\/product"}],"replies":[{"embeddable":true,"href":"https:\/\/torseed.eu\/ru\/wp-json\/wp\/v2\/comments?post=31057"}],"version-history":[{"count":0,"href":"https:\/\/torseed.eu\/ru\/wp-json\/wp\/v2\/product\/31057\/revisions"}],"wp:featuredmedia":[{"embeddable":true,"href":"https:\/\/torseed.eu\/ru\/wp-json\/wp\/v2\/media\/17825"}],"wp:attachment":[{"href":"https:\/\/torseed.eu\/ru\/wp-json\/wp\/v2\/media?parent=31057"}],"wp:term":[{"taxonomy":"product_cat","embeddable":true,"href":"https:\/\/torseed.eu\/ru\/wp-json\/wp\/v2\/product_cat?post=31057"},{"taxonomy":"product_tag","embeddable":true,"href":"https:\/\/torseed.eu\/ru\/wp-json\/wp\/v2\/product_tag?post=31057"}],"curies":[{"name":"wp","href":"https:\/\/api.w.org\/{rel}","templated":true}]}}