{"id":31058,"date":"2022-06-15T06:23:05","date_gmt":"2022-06-15T06:23:05","guid":{"rendered":"https:\/\/refactor-second-attempt.torseed.dev.greenparrot.pl\/produkt\/salata-glow-masl-do-upr-w-tun-i-w-polu-nochowska\/"},"modified":"2023-03-29T18:41:39","modified_gmt":"2023-03-29T18:41:39","slug":"salata-glow-masl-do-upr-w-tun-i-w-polu-nochowska","status":"publish","type":"product","link":"https:\/\/torseed.eu\/ru\/produkt\/salata-glow-masl-do-upr-w-tun-i-w-polu-nochowska\/","title":{"rendered":"Sa\u0142ata g\u0142ow.mas\u0142.(do upr.w tun.i w polu) Nochowska"},"content":{"rendered":"<p>Odmiana sa\u0142aty mas\u0142owej, plenna, \u015brednio p\u00f3\u017ana, przeznaczona do uprawy w polu na zbi\u00f3r p\u00f3\u017anowiosenny i letni lub &#8211; siana w lipcu i sierpniu &#8211; na zbi\u00f3r p\u00f3\u017anojesienny (IX, X). Wytrzyma\u0142a na d\u0142ugi dzie\u0144 i wysok\u0105 temperatur\u0119, a po uformowaniu g\u0142\u00f3wek d\u0142ugo nie wybija w p\u0119d kwiatostanowy. G\u0142\u00f3wka kulista, twarda, dobrze zamkni\u0119ta, \u015brednio du\u017ca do du\u017cej. Li\u015bcie du\u017ce, \u017c\u00f3\u0142tawozielone, o delikatnej konsystencji tkanki, bardzo smaczne. Odmiana \u015brednio odporna na choroby.<\/p>","protected":false},"excerpt":{"rendered":"<p>Odmiana sa\u0142aty mas\u0142owej, plenna, \u015brednio p\u00f3\u017ana, przeznaczona do uprawy w polu na zbi\u00f3r p\u00f3\u017anowiosenny i letni lub &#8211; siana w lipcu i sierpniu &#8211; na zbi\u00f3r p\u00f3\u017anojesienny (IX, X). Wytrzyma\u0142a na d\u0142ugi dzie\u0144 i wysok\u0105 temperatur\u0119, a po uformowaniu g\u0142\u00f3wek d\u0142ugo nie wybija w p\u0119d kwiatostanowy. G\u0142\u00f3wka kulista, twarda, dobrze zamkni\u0119ta, \u015brednio du\u017ca do du\u017cej. [&hellip;]<\/p>\n","protected":false},"featured_media":17819,"comment_status":"open","ping_status":"open","template":"","meta":{"inline_featured_image":false},"product_cat":[108,118],"product_tag":[],"acf":[],"featured_image":"https:\/\/torseed.eu\/app\/uploads\/2023\/03\/492.jpg","_links":{"self":[{"href":"https:\/\/torseed.eu\/ru\/wp-json\/wp\/v2\/product\/31058"}],"collection":[{"href":"https:\/\/torseed.eu\/ru\/wp-json\/wp\/v2\/product"}],"about":[{"href":"https:\/\/torseed.eu\/ru\/wp-json\/wp\/v2\/types\/product"}],"replies":[{"embeddable":true,"href":"https:\/\/torseed.eu\/ru\/wp-json\/wp\/v2\/comments?post=31058"}],"version-history":[{"count":0,"href":"https:\/\/torseed.eu\/ru\/wp-json\/wp\/v2\/product\/31058\/revisions"}],"wp:featuredmedia":[{"embeddable":true,"href":"https:\/\/torseed.eu\/ru\/wp-json\/wp\/v2\/media\/17819"}],"wp:attachment":[{"href":"https:\/\/torseed.eu\/ru\/wp-json\/wp\/v2\/media?parent=31058"}],"wp:term":[{"taxonomy":"product_cat","embeddable":true,"href":"https:\/\/torseed.eu\/ru\/wp-json\/wp\/v2\/product_cat?post=31058"},{"taxonomy":"product_tag","embeddable":true,"href":"https:\/\/torseed.eu\/ru\/wp-json\/wp\/v2\/product_tag?post=31058"}],"curies":[{"name":"wp","href":"https:\/\/api.w.org\/{rel}","templated":true}]}}