{"id":31059,"date":"2022-06-15T06:23:05","date_gmt":"2022-06-15T06:23:05","guid":{"rendered":"https:\/\/refactor-second-attempt.torseed.dev.greenparrot.pl\/produkt\/salata-glow-masl-do-upr-w-tun-i-w-polu-rosemarry\/"},"modified":"2023-03-29T18:41:40","modified_gmt":"2023-03-29T18:41:40","slug":"salata-glow-masl-do-upr-w-tun-i-w-polu-rosemarry","status":"publish","type":"product","link":"https:\/\/torseed.eu\/ru\/produkt\/salata-glow-masl-do-upr-w-tun-i-w-polu-rosemarry\/","title":{"rendered":"Sa\u0142ata g\u0142ow.mas\u0142.(do upr.w tun.i w polu) Rosemarry"},"content":{"rendered":"<p>Odmiana do wiosennej i jesiennej uprawy w polu. Okres wegetacji od wysiewu wynosi 65-75 dni. G\u0142\u00f3wka okr\u0105g\u0142a, \u015bredniej wielko\u015bci, dobrze zamkni\u0119ta.<\/p>","protected":false},"excerpt":{"rendered":"<p>Odmiana do wiosennej i jesiennej uprawy w polu. Okres wegetacji od wysiewu wynosi 65-75 dni. G\u0142\u00f3wka okr\u0105g\u0142a, \u015bredniej wielko\u015bci, dobrze zamkni\u0119ta.<\/p>\n","protected":false},"featured_media":17822,"comment_status":"open","ping_status":"open","template":"","meta":{"inline_featured_image":false},"product_cat":[108,118],"product_tag":[],"acf":[],"featured_image":"https:\/\/torseed.eu\/app\/uploads\/2023\/03\/8206.jpg","_links":{"self":[{"href":"https:\/\/torseed.eu\/ru\/wp-json\/wp\/v2\/product\/31059"}],"collection":[{"href":"https:\/\/torseed.eu\/ru\/wp-json\/wp\/v2\/product"}],"about":[{"href":"https:\/\/torseed.eu\/ru\/wp-json\/wp\/v2\/types\/product"}],"replies":[{"embeddable":true,"href":"https:\/\/torseed.eu\/ru\/wp-json\/wp\/v2\/comments?post=31059"}],"version-history":[{"count":0,"href":"https:\/\/torseed.eu\/ru\/wp-json\/wp\/v2\/product\/31059\/revisions"}],"wp:featuredmedia":[{"embeddable":true,"href":"https:\/\/torseed.eu\/ru\/wp-json\/wp\/v2\/media\/17822"}],"wp:attachment":[{"href":"https:\/\/torseed.eu\/ru\/wp-json\/wp\/v2\/media?parent=31059"}],"wp:term":[{"taxonomy":"product_cat","embeddable":true,"href":"https:\/\/torseed.eu\/ru\/wp-json\/wp\/v2\/product_cat?post=31059"},{"taxonomy":"product_tag","embeddable":true,"href":"https:\/\/torseed.eu\/ru\/wp-json\/wp\/v2\/product_tag?post=31059"}],"curies":[{"name":"wp","href":"https:\/\/api.w.org\/{rel}","templated":true}]}}