{"id":31061,"date":"2022-06-15T06:23:03","date_gmt":"2022-06-15T06:23:03","guid":{"rendered":"https:\/\/refactor-second-attempt.torseed.dev.greenparrot.pl\/produkt\/salata-glow-masl-do-upr-w-tun-i-w-polu-michalina\/"},"modified":"2023-03-29T18:41:42","modified_gmt":"2023-03-29T18:41:42","slug":"salata-glow-masl-do-upr-w-tun-i-w-polu-michalina","status":"publish","type":"product","link":"https:\/\/torseed.eu\/ru\/produkt\/salata-glow-masl-do-upr-w-tun-i-w-polu-michalina\/","title":{"rendered":"Sa\u0142ata g\u0142ow.mas\u0142.(do upr.w tun.i w polu) Michalina"},"content":{"rendered":"<p>Odmiana \u015bredniop\u00f3\u017ana, przeznaczona do letniej uprawy w polu. Nadaje si\u0119 r\u00f3wnie\u017c do uprawy w nieogrzewanych tunelach foliowych. G\u0142\u00f3wka du\u017ca kulista, \u015brednio\u015bcis\u0142a, o wysokich walorach smakowych.<\/p>","protected":false},"excerpt":{"rendered":"<p>Odmiana \u015bredniop\u00f3\u017ana, przeznaczona do letniej uprawy w polu. Nadaje si\u0119 r\u00f3wnie\u017c do uprawy w nieogrzewanych tunelach foliowych. G\u0142\u00f3wka du\u017ca kulista, \u015brednio\u015bcis\u0142a, o wysokich walorach smakowych.<\/p>\n","protected":false},"featured_media":17813,"comment_status":"open","ping_status":"open","template":"","meta":{"inline_featured_image":false},"product_cat":[108,118],"product_tag":[],"acf":[],"featured_image":"https:\/\/torseed.eu\/app\/uploads\/2023\/03\/490.jpg","_links":{"self":[{"href":"https:\/\/torseed.eu\/ru\/wp-json\/wp\/v2\/product\/31061"}],"collection":[{"href":"https:\/\/torseed.eu\/ru\/wp-json\/wp\/v2\/product"}],"about":[{"href":"https:\/\/torseed.eu\/ru\/wp-json\/wp\/v2\/types\/product"}],"replies":[{"embeddable":true,"href":"https:\/\/torseed.eu\/ru\/wp-json\/wp\/v2\/comments?post=31061"}],"version-history":[{"count":0,"href":"https:\/\/torseed.eu\/ru\/wp-json\/wp\/v2\/product\/31061\/revisions"}],"wp:featuredmedia":[{"embeddable":true,"href":"https:\/\/torseed.eu\/ru\/wp-json\/wp\/v2\/media\/17813"}],"wp:attachment":[{"href":"https:\/\/torseed.eu\/ru\/wp-json\/wp\/v2\/media?parent=31061"}],"wp:term":[{"taxonomy":"product_cat","embeddable":true,"href":"https:\/\/torseed.eu\/ru\/wp-json\/wp\/v2\/product_cat?post=31061"},{"taxonomy":"product_tag","embeddable":true,"href":"https:\/\/torseed.eu\/ru\/wp-json\/wp\/v2\/product_tag?post=31061"}],"curies":[{"name":"wp","href":"https:\/\/api.w.org\/{rel}","templated":true}]}}