{"id":31063,"date":"2022-06-15T06:22:56","date_gmt":"2022-06-15T06:22:56","guid":{"rendered":"https:\/\/refactor-second-attempt.torseed.dev.greenparrot.pl\/produkt\/salata-glow-masl-do-upr-w-tun-i-w-polu-krolowa-majowych\/"},"modified":"2023-03-29T18:41:57","modified_gmt":"2023-03-29T18:41:57","slug":"salata-glow-masl-do-upr-w-tun-i-w-polu-krolowa-majowych","status":"publish","type":"product","link":"https:\/\/torseed.eu\/ru\/produkt\/salata-glow-masl-do-upr-w-tun-i-w-polu-krolowa-majowych\/","title":{"rendered":"Sa\u0142ata g\u0142ow.mas\u0142.(do upr.w tun.i w polu) Kr\u00f3lowa Majowych"},"content":{"rendered":"<p>Odmiana przeznaczona do wczesnej uprawy w polu i p\u00f3\u017aniejszej pod os\u0142onami. Dojrza\u0142o\u015b\u0107 do zbioru osi\u0105ga po 30-40 dniach od posadzenia rozsady.<\/p>","protected":false},"excerpt":{"rendered":"<p>Odmiana przeznaczona do wczesnej uprawy w polu i p\u00f3\u017aniejszej pod os\u0142onami. Dojrza\u0142o\u015b\u0107 do zbioru osi\u0105ga po 30-40 dniach od posadzenia rozsady.<\/p>\n","protected":false},"featured_media":17804,"comment_status":"open","ping_status":"open","template":"","meta":{"inline_featured_image":false},"product_cat":[108,118],"product_tag":[],"acf":[],"featured_image":"https:\/\/torseed.eu\/app\/uploads\/2023\/03\/489.jpg","_links":{"self":[{"href":"https:\/\/torseed.eu\/ru\/wp-json\/wp\/v2\/product\/31063"}],"collection":[{"href":"https:\/\/torseed.eu\/ru\/wp-json\/wp\/v2\/product"}],"about":[{"href":"https:\/\/torseed.eu\/ru\/wp-json\/wp\/v2\/types\/product"}],"replies":[{"embeddable":true,"href":"https:\/\/torseed.eu\/ru\/wp-json\/wp\/v2\/comments?post=31063"}],"version-history":[{"count":0,"href":"https:\/\/torseed.eu\/ru\/wp-json\/wp\/v2\/product\/31063\/revisions"}],"wp:featuredmedia":[{"embeddable":true,"href":"https:\/\/torseed.eu\/ru\/wp-json\/wp\/v2\/media\/17804"}],"wp:attachment":[{"href":"https:\/\/torseed.eu\/ru\/wp-json\/wp\/v2\/media?parent=31063"}],"wp:term":[{"taxonomy":"product_cat","embeddable":true,"href":"https:\/\/torseed.eu\/ru\/wp-json\/wp\/v2\/product_cat?post=31063"},{"taxonomy":"product_tag","embeddable":true,"href":"https:\/\/torseed.eu\/ru\/wp-json\/wp\/v2\/product_tag?post=31063"}],"curies":[{"name":"wp","href":"https:\/\/api.w.org\/{rel}","templated":true}]}}