{"id":31066,"date":"2022-06-15T06:22:54","date_gmt":"2022-06-15T06:22:54","guid":{"rendered":"https:\/\/refactor-second-attempt.torseed.dev.greenparrot.pl\/produkt\/salata-glow-masl-do-upr-w-tun-i-w-polu-cud-voorburgu\/"},"modified":"2023-03-29T18:41:59","modified_gmt":"2023-03-29T18:41:59","slug":"salata-glow-masl-do-upr-w-tun-i-w-polu-cud-voorburgu","status":"publish","type":"product","link":"https:\/\/torseed.eu\/ru\/produkt\/salata-glow-masl-do-upr-w-tun-i-w-polu-cud-voorburgu\/","title":{"rendered":"Sa\u0142ata g\u0142ow.mas\u0142.(do upr.w tun.i w polu) Cud Voorburgu"},"content":{"rendered":"<p>Odmiana \u015bredniop\u00f3\u017ana, do uprawy w okresie p\u00f3\u017anowiosennym i letnim. G\u0142\u00f3wka kulista, du\u017ca, \u015bcis\u0142a.<\/p>","protected":false},"excerpt":{"rendered":"<p>Odmiana \u015bredniop\u00f3\u017ana, do uprawy w okresie p\u00f3\u017anowiosennym i letnim. G\u0142\u00f3wka kulista, du\u017ca, \u015bcis\u0142a.<\/p>\n","protected":false},"featured_media":17798,"comment_status":"open","ping_status":"open","template":"","meta":{"inline_featured_image":false},"product_cat":[108,118],"product_tag":[],"acf":[],"featured_image":"https:\/\/torseed.eu\/app\/uploads\/2023\/03\/8897.jpg","_links":{"self":[{"href":"https:\/\/torseed.eu\/ru\/wp-json\/wp\/v2\/product\/31066"}],"collection":[{"href":"https:\/\/torseed.eu\/ru\/wp-json\/wp\/v2\/product"}],"about":[{"href":"https:\/\/torseed.eu\/ru\/wp-json\/wp\/v2\/types\/product"}],"replies":[{"embeddable":true,"href":"https:\/\/torseed.eu\/ru\/wp-json\/wp\/v2\/comments?post=31066"}],"version-history":[{"count":0,"href":"https:\/\/torseed.eu\/ru\/wp-json\/wp\/v2\/product\/31066\/revisions"}],"wp:featuredmedia":[{"embeddable":true,"href":"https:\/\/torseed.eu\/ru\/wp-json\/wp\/v2\/media\/17798"}],"wp:attachment":[{"href":"https:\/\/torseed.eu\/ru\/wp-json\/wp\/v2\/media?parent=31066"}],"wp:term":[{"taxonomy":"product_cat","embeddable":true,"href":"https:\/\/torseed.eu\/ru\/wp-json\/wp\/v2\/product_cat?post=31066"},{"taxonomy":"product_tag","embeddable":true,"href":"https:\/\/torseed.eu\/ru\/wp-json\/wp\/v2\/product_tag?post=31066"}],"curies":[{"name":"wp","href":"https:\/\/api.w.org\/{rel}","templated":true}]}}