{"id":31069,"date":"2022-06-15T06:22:52","date_gmt":"2022-06-15T06:22:52","guid":{"rendered":"https:\/\/refactor-second-attempt.torseed.dev.greenparrot.pl\/produkt\/salata-szklarniowa-anielka\/"},"modified":"2023-03-29T18:42:02","modified_gmt":"2023-03-29T18:42:02","slug":"salata-szklarniowa-anielka","status":"publish","type":"product","link":"https:\/\/torseed.eu\/ru\/produkt\/salata-szklarniowa-anielka\/","title":{"rendered":"Sa\u0142ata szklarniowa Anielka"},"content":{"rendered":"<p>G\u0142owiasta sa\u0142ata do uprawy na zbi\u00f3r jesienny, zimowy i wczesnowiosenny. Uprawa wy\u0142\u0105cznie z rozsady pikowanej. Odmiana odporna na kilka ras m\u0105cznika rzekomego.<\/p>","protected":false},"excerpt":{"rendered":"<p>G\u0142owiasta sa\u0142ata do uprawy na zbi\u00f3r jesienny, zimowy i wczesnowiosenny. Uprawa wy\u0142\u0105cznie z rozsady pikowanej. Odmiana odporna na kilka ras m\u0105cznika rzekomego.<\/p>\n","protected":false},"featured_media":17789,"comment_status":"open","ping_status":"open","template":"","meta":{"inline_featured_image":false},"product_cat":[108,118],"product_tag":[],"acf":[],"featured_image":"https:\/\/torseed.eu\/app\/uploads\/2023\/03\/482.jpg","_links":{"self":[{"href":"https:\/\/torseed.eu\/ru\/wp-json\/wp\/v2\/product\/31069"}],"collection":[{"href":"https:\/\/torseed.eu\/ru\/wp-json\/wp\/v2\/product"}],"about":[{"href":"https:\/\/torseed.eu\/ru\/wp-json\/wp\/v2\/types\/product"}],"replies":[{"embeddable":true,"href":"https:\/\/torseed.eu\/ru\/wp-json\/wp\/v2\/comments?post=31069"}],"version-history":[{"count":0,"href":"https:\/\/torseed.eu\/ru\/wp-json\/wp\/v2\/product\/31069\/revisions"}],"wp:featuredmedia":[{"embeddable":true,"href":"https:\/\/torseed.eu\/ru\/wp-json\/wp\/v2\/media\/17789"}],"wp:attachment":[{"href":"https:\/\/torseed.eu\/ru\/wp-json\/wp\/v2\/media?parent=31069"}],"wp:term":[{"taxonomy":"product_cat","embeddable":true,"href":"https:\/\/torseed.eu\/ru\/wp-json\/wp\/v2\/product_cat?post=31069"},{"taxonomy":"product_tag","embeddable":true,"href":"https:\/\/torseed.eu\/ru\/wp-json\/wp\/v2\/product_tag?post=31069"}],"curies":[{"name":"wp","href":"https:\/\/api.w.org\/{rel}","templated":true}]}}