{"id":31070,"date":"2022-06-15T06:22:51","date_gmt":"2022-06-15T06:22:51","guid":{"rendered":"https:\/\/refactor-second-attempt.torseed.dev.greenparrot.pl\/produkt\/salsefia\/"},"modified":"2023-03-29T18:42:03","modified_gmt":"2023-03-29T18:42:03","slug":"salsefia","status":"publish","type":"product","link":"https:\/\/torseed.eu\/ru\/produkt\/salsefia\/","title":{"rendered":"Salsefia"},"content":{"rendered":"<p>Cz\u0119\u015bci\u0105 u\u017cytkow\u0105 s\u0105 sto\u017ckowate korzenie spichrzowe o d\u0142ugo\u015bci 20-30 cm i \u015brednicy 2,0-3,5 cm spo\u017cywane po ugotowaniu jak szparagi lub skorzonera. M\u0142ode li\u015bcie i p\u0119dy nadaj\u0105 si\u0119 do sa\u0142atek. Zawiera wiele cennych minera\u0142\u00f3w oraz inulin\u0119 wskazan\u0105 szczeg\u00f3lnie dla cukrzyk\u00f3w. P\u0119dy nasienne nalezy usuwa\u0107. Salsefia mo\u017ce zimowa\u0107 w gruncie.<\/p>","protected":false},"excerpt":{"rendered":"<p>Cz\u0119\u015bci\u0105 u\u017cytkow\u0105 s\u0105 sto\u017ckowate korzenie spichrzowe o d\u0142ugo\u015bci 20-30 cm i \u015brednicy 2,0-3,5 cm spo\u017cywane po ugotowaniu jak szparagi lub skorzonera. M\u0142ode li\u015bcie i p\u0119dy nadaj\u0105 si\u0119 do sa\u0142atek. Zawiera wiele cennych minera\u0142\u00f3w oraz inulin\u0119 wskazan\u0105 szczeg\u00f3lnie dla cukrzyk\u00f3w. P\u0119dy nasienne nalezy usuwa\u0107. Salsefia mo\u017ce zimowa\u0107 w gruncie.<\/p>\n","protected":false},"featured_media":17786,"comment_status":"open","ping_status":"open","template":"","meta":{"inline_featured_image":false},"product_cat":[108,118],"product_tag":[],"acf":[],"featured_image":"https:\/\/torseed.eu\/app\/uploads\/2023\/03\/9050.jpg","_links":{"self":[{"href":"https:\/\/torseed.eu\/ru\/wp-json\/wp\/v2\/product\/31070"}],"collection":[{"href":"https:\/\/torseed.eu\/ru\/wp-json\/wp\/v2\/product"}],"about":[{"href":"https:\/\/torseed.eu\/ru\/wp-json\/wp\/v2\/types\/product"}],"replies":[{"embeddable":true,"href":"https:\/\/torseed.eu\/ru\/wp-json\/wp\/v2\/comments?post=31070"}],"version-history":[{"count":0,"href":"https:\/\/torseed.eu\/ru\/wp-json\/wp\/v2\/product\/31070\/revisions"}],"wp:featuredmedia":[{"embeddable":true,"href":"https:\/\/torseed.eu\/ru\/wp-json\/wp\/v2\/media\/17786"}],"wp:attachment":[{"href":"https:\/\/torseed.eu\/ru\/wp-json\/wp\/v2\/media?parent=31070"}],"wp:term":[{"taxonomy":"product_cat","embeddable":true,"href":"https:\/\/torseed.eu\/ru\/wp-json\/wp\/v2\/product_cat?post=31070"},{"taxonomy":"product_tag","embeddable":true,"href":"https:\/\/torseed.eu\/ru\/wp-json\/wp\/v2\/product_tag?post=31070"}],"curies":[{"name":"wp","href":"https:\/\/api.w.org\/{rel}","templated":true}]}}