{"id":31073,"date":"2022-06-15T06:22:43","date_gmt":"2022-06-15T06:22:43","guid":{"rendered":"https:\/\/refactor-second-attempt.torseed.dev.greenparrot.pl\/produkt\/rzodkiewka-do-uprawy-w-polu-viola\/"},"modified":"2023-03-29T18:42:05","modified_gmt":"2023-03-29T18:42:05","slug":"rzodkiewka-do-uprawy-w-polu-viola","status":"publish","type":"product","link":"https:\/\/torseed.eu\/ru\/produkt\/rzodkiewka-do-uprawy-w-polu-viola\/","title":{"rendered":"Rzodkiewka (do uprawy w polu) Viola"},"content":{"rendered":"<p>Odmiana p\u00f3\u017ana (35-38 dni) do ca\u0142osezonowej uprawy w polu. Odporna na p\u0119kanie i parcenie. Mi\u0105\u017csz bia\u0142y i kruchy, delikatny i smaczny.<\/p>","protected":false},"excerpt":{"rendered":"<p>Odmiana p\u00f3\u017ana (35-38 dni) do ca\u0142osezonowej uprawy w polu. Odporna na p\u0119kanie i parcenie. Mi\u0105\u017csz bia\u0142y i kruchy, delikatny i smaczny.<\/p>\n","protected":false},"featured_media":17774,"comment_status":"open","ping_status":"open","template":"","meta":{"inline_featured_image":false},"product_cat":[108,118],"product_tag":[],"acf":[],"featured_image":"https:\/\/torseed.eu\/app\/uploads\/2023\/03\/8385.jpg","_links":{"self":[{"href":"https:\/\/torseed.eu\/ru\/wp-json\/wp\/v2\/product\/31073"}],"collection":[{"href":"https:\/\/torseed.eu\/ru\/wp-json\/wp\/v2\/product"}],"about":[{"href":"https:\/\/torseed.eu\/ru\/wp-json\/wp\/v2\/types\/product"}],"replies":[{"embeddable":true,"href":"https:\/\/torseed.eu\/ru\/wp-json\/wp\/v2\/comments?post=31073"}],"version-history":[{"count":0,"href":"https:\/\/torseed.eu\/ru\/wp-json\/wp\/v2\/product\/31073\/revisions"}],"wp:featuredmedia":[{"embeddable":true,"href":"https:\/\/torseed.eu\/ru\/wp-json\/wp\/v2\/media\/17774"}],"wp:attachment":[{"href":"https:\/\/torseed.eu\/ru\/wp-json\/wp\/v2\/media?parent=31073"}],"wp:term":[{"taxonomy":"product_cat","embeddable":true,"href":"https:\/\/torseed.eu\/ru\/wp-json\/wp\/v2\/product_cat?post=31073"},{"taxonomy":"product_tag","embeddable":true,"href":"https:\/\/torseed.eu\/ru\/wp-json\/wp\/v2\/product_tag?post=31073"}],"curies":[{"name":"wp","href":"https:\/\/api.w.org\/{rel}","templated":true}]}}