{"id":31075,"date":"2022-06-15T06:22:42","date_gmt":"2022-06-15T06:22:42","guid":{"rendered":"https:\/\/refactor-second-attempt.torseed.dev.greenparrot.pl\/produkt\/rzodkiewka-do-uprawy-w-polu-sopel-lodu\/"},"modified":"2023-03-29T18:42:07","modified_gmt":"2023-03-29T18:42:07","slug":"rzodkiewka-do-uprawy-w-polu-sopel-lodu","status":"publish","type":"product","link":"https:\/\/torseed.eu\/ru\/produkt\/rzodkiewka-do-uprawy-w-polu-sopel-lodu\/","title":{"rendered":"Rzodkiewka (do uprawy w polu) Sopel Lodu"},"content":{"rendered":"<p>Odmiana p\u00f3\u017ana do uprawy polowej, szczeg\u00f3lnie na zbi\u00f3r jesienny. Mi\u0105\u017csz szklistobia\u0142y o do\u015b\u0107 ostrym smaku.<\/p>","protected":false},"excerpt":{"rendered":"<p>Odmiana p\u00f3\u017ana do uprawy polowej, szczeg\u00f3lnie na zbi\u00f3r jesienny. Mi\u0105\u017csz szklistobia\u0142y o do\u015b\u0107 ostrym smaku.<\/p>\n","protected":false},"featured_media":17771,"comment_status":"open","ping_status":"open","template":"","meta":{"inline_featured_image":false},"product_cat":[108,118],"product_tag":[],"acf":[],"featured_image":"https:\/\/torseed.eu\/app\/uploads\/2023\/03\/475.jpg","_links":{"self":[{"href":"https:\/\/torseed.eu\/ru\/wp-json\/wp\/v2\/product\/31075"}],"collection":[{"href":"https:\/\/torseed.eu\/ru\/wp-json\/wp\/v2\/product"}],"about":[{"href":"https:\/\/torseed.eu\/ru\/wp-json\/wp\/v2\/types\/product"}],"replies":[{"embeddable":true,"href":"https:\/\/torseed.eu\/ru\/wp-json\/wp\/v2\/comments?post=31075"}],"version-history":[{"count":0,"href":"https:\/\/torseed.eu\/ru\/wp-json\/wp\/v2\/product\/31075\/revisions"}],"wp:featuredmedia":[{"embeddable":true,"href":"https:\/\/torseed.eu\/ru\/wp-json\/wp\/v2\/media\/17771"}],"wp:attachment":[{"href":"https:\/\/torseed.eu\/ru\/wp-json\/wp\/v2\/media?parent=31075"}],"wp:term":[{"taxonomy":"product_cat","embeddable":true,"href":"https:\/\/torseed.eu\/ru\/wp-json\/wp\/v2\/product_cat?post=31075"},{"taxonomy":"product_tag","embeddable":true,"href":"https:\/\/torseed.eu\/ru\/wp-json\/wp\/v2\/product_tag?post=31075"}],"curies":[{"name":"wp","href":"https:\/\/api.w.org\/{rel}","templated":true}]}}