{"id":31076,"date":"2022-06-15T06:22:41","date_gmt":"2022-06-15T06:22:41","guid":{"rendered":"https:\/\/refactor-second-attempt.torseed.dev.greenparrot.pl\/produkt\/rzodkiewka-do-uprawy-w-polu-cherry-belle\/"},"modified":"2023-03-29T18:42:08","modified_gmt":"2023-03-29T18:42:08","slug":"rzodkiewka-do-uprawy-w-polu-cherry-belle","status":"publish","type":"product","link":"https:\/\/torseed.eu\/ru\/produkt\/rzodkiewka-do-uprawy-w-polu-cherry-belle\/","title":{"rendered":"Rzodkiewka (do uprawy w polu) Cherry Belle"},"content":{"rendered":"<p>Odmiana wczesna do uprawy wiosennej i jesiennej w polu i pod foli\u0105. Okres wegetacji wynosi ok. 25 dni. Mi\u0105\u017csz szklistobia\u0142y, bardzo \u0142agodny, bez tendencji do parcenia i p\u0119kania.<\/p>","protected":false},"excerpt":{"rendered":"<p>Odmiana wczesna do uprawy wiosennej i jesiennej w polu i pod foli\u0105. Okres wegetacji wynosi ok. 25 dni. Mi\u0105\u017csz szklistobia\u0142y, bardzo \u0142agodny, bez tendencji do parcenia i p\u0119kania.<\/p>\n","protected":false},"featured_media":17768,"comment_status":"open","ping_status":"open","template":"","meta":{"inline_featured_image":false},"product_cat":[108,118],"product_tag":[],"acf":[],"featured_image":"https:\/\/torseed.eu\/app\/uploads\/2023\/03\/4661.jpg","_links":{"self":[{"href":"https:\/\/torseed.eu\/ru\/wp-json\/wp\/v2\/product\/31076"}],"collection":[{"href":"https:\/\/torseed.eu\/ru\/wp-json\/wp\/v2\/product"}],"about":[{"href":"https:\/\/torseed.eu\/ru\/wp-json\/wp\/v2\/types\/product"}],"replies":[{"embeddable":true,"href":"https:\/\/torseed.eu\/ru\/wp-json\/wp\/v2\/comments?post=31076"}],"version-history":[{"count":0,"href":"https:\/\/torseed.eu\/ru\/wp-json\/wp\/v2\/product\/31076\/revisions"}],"wp:featuredmedia":[{"embeddable":true,"href":"https:\/\/torseed.eu\/ru\/wp-json\/wp\/v2\/media\/17768"}],"wp:attachment":[{"href":"https:\/\/torseed.eu\/ru\/wp-json\/wp\/v2\/media?parent=31076"}],"wp:term":[{"taxonomy":"product_cat","embeddable":true,"href":"https:\/\/torseed.eu\/ru\/wp-json\/wp\/v2\/product_cat?post=31076"},{"taxonomy":"product_tag","embeddable":true,"href":"https:\/\/torseed.eu\/ru\/wp-json\/wp\/v2\/product_tag?post=31076"}],"curies":[{"name":"wp","href":"https:\/\/api.w.org\/{rel}","templated":true}]}}