{"id":31081,"date":"2022-06-15T06:22:37","date_gmt":"2022-06-15T06:22:37","guid":{"rendered":"https:\/\/refactor-second-attempt.torseed.dev.greenparrot.pl\/produkt\/rzodkiewka-do-upr-pod-osl-i-w-polu-warta\/"},"modified":"2023-03-29T18:42:13","modified_gmt":"2023-03-29T18:42:13","slug":"rzodkiewka-do-upr-pod-osl-i-w-polu-warta","status":"publish","type":"product","link":"https:\/\/torseed.eu\/ru\/produkt\/rzodkiewka-do-upr-pod-osl-i-w-polu-warta\/","title":{"rendered":"Rzodkiewka (do upr.pod os\u0142.i w polu) Warta"},"content":{"rendered":"<p>Odmiana o kr\u00f3tkim okresie wegetacji do uprawy w polu. Mo\u017ce by\u0107 uprawiana tak\u017ce pod os\u0142onami.<\/p>","protected":false},"excerpt":{"rendered":"<p>Odmiana o kr\u00f3tkim okresie wegetacji do uprawy w polu. Mo\u017ce by\u0107 uprawiana tak\u017ce pod os\u0142onami.<\/p>\n","protected":false},"featured_media":17753,"comment_status":"open","ping_status":"open","template":"","meta":{"inline_featured_image":false},"product_cat":[108,118],"product_tag":[],"acf":[],"featured_image":"https:\/\/torseed.eu\/app\/uploads\/2023\/03\/467.jpg","_links":{"self":[{"href":"https:\/\/torseed.eu\/ru\/wp-json\/wp\/v2\/product\/31081"}],"collection":[{"href":"https:\/\/torseed.eu\/ru\/wp-json\/wp\/v2\/product"}],"about":[{"href":"https:\/\/torseed.eu\/ru\/wp-json\/wp\/v2\/types\/product"}],"replies":[{"embeddable":true,"href":"https:\/\/torseed.eu\/ru\/wp-json\/wp\/v2\/comments?post=31081"}],"version-history":[{"count":0,"href":"https:\/\/torseed.eu\/ru\/wp-json\/wp\/v2\/product\/31081\/revisions"}],"wp:featuredmedia":[{"embeddable":true,"href":"https:\/\/torseed.eu\/ru\/wp-json\/wp\/v2\/media\/17753"}],"wp:attachment":[{"href":"https:\/\/torseed.eu\/ru\/wp-json\/wp\/v2\/media?parent=31081"}],"wp:term":[{"taxonomy":"product_cat","embeddable":true,"href":"https:\/\/torseed.eu\/ru\/wp-json\/wp\/v2\/product_cat?post=31081"},{"taxonomy":"product_tag","embeddable":true,"href":"https:\/\/torseed.eu\/ru\/wp-json\/wp\/v2\/product_tag?post=31081"}],"curies":[{"name":"wp","href":"https:\/\/api.w.org\/{rel}","templated":true}]}}