{"id":31082,"date":"2022-06-15T06:22:31","date_gmt":"2022-06-15T06:22:31","guid":{"rendered":"https:\/\/refactor-second-attempt.torseed.dev.greenparrot.pl\/produkt\/rzodkiewka-do-upr-pod-osl-i-w-polu-saxa-polana\/"},"modified":"2023-03-29T18:42:27","modified_gmt":"2023-03-29T18:42:27","slug":"rzodkiewka-do-upr-pod-osl-i-w-polu-saxa-polana","status":"publish","type":"product","link":"https:\/\/torseed.eu\/ru\/produkt\/rzodkiewka-do-upr-pod-osl-i-w-polu-saxa-polana\/","title":{"rendered":"Rzodkiewka (do upr.pod os\u0142.i w polu) Saxa Polana"},"content":{"rendered":"<p>Odmiana przeznaczona do uprawy pod os\u0142onami i w polu na zbi\u00f3r jesienny, p\u00f3\u017anojesienny, wczesnowiosenny i wiosenny. Okres wegetacji ok. 30 dni.<\/p>","protected":false},"excerpt":{"rendered":"<p>Odmiana przeznaczona do uprawy pod os\u0142onami i w polu na zbi\u00f3r jesienny, p\u00f3\u017anojesienny, wczesnowiosenny i wiosenny. Okres wegetacji ok. 30 dni.<\/p>\n","protected":false},"featured_media":17750,"comment_status":"open","ping_status":"open","template":"","meta":{"inline_featured_image":false},"product_cat":[108,118],"product_tag":[],"acf":[],"featured_image":"https:\/\/torseed.eu\/app\/uploads\/2023\/03\/465.jpg","_links":{"self":[{"href":"https:\/\/torseed.eu\/ru\/wp-json\/wp\/v2\/product\/31082"}],"collection":[{"href":"https:\/\/torseed.eu\/ru\/wp-json\/wp\/v2\/product"}],"about":[{"href":"https:\/\/torseed.eu\/ru\/wp-json\/wp\/v2\/types\/product"}],"replies":[{"embeddable":true,"href":"https:\/\/torseed.eu\/ru\/wp-json\/wp\/v2\/comments?post=31082"}],"version-history":[{"count":0,"href":"https:\/\/torseed.eu\/ru\/wp-json\/wp\/v2\/product\/31082\/revisions"}],"wp:featuredmedia":[{"embeddable":true,"href":"https:\/\/torseed.eu\/ru\/wp-json\/wp\/v2\/media\/17750"}],"wp:attachment":[{"href":"https:\/\/torseed.eu\/ru\/wp-json\/wp\/v2\/media?parent=31082"}],"wp:term":[{"taxonomy":"product_cat","embeddable":true,"href":"https:\/\/torseed.eu\/ru\/wp-json\/wp\/v2\/product_cat?post=31082"},{"taxonomy":"product_tag","embeddable":true,"href":"https:\/\/torseed.eu\/ru\/wp-json\/wp\/v2\/product_tag?post=31082"}],"curies":[{"name":"wp","href":"https:\/\/api.w.org\/{rel}","templated":true}]}}