{"id":31083,"date":"2022-06-15T06:22:30","date_gmt":"2022-06-15T06:22:30","guid":{"rendered":"https:\/\/refactor-second-attempt.torseed.dev.greenparrot.pl\/produkt\/rzodkiewka-do-upr-pod-osl-i-w-polu-saxa-3\/"},"modified":"2023-03-29T18:42:28","modified_gmt":"2023-03-29T18:42:28","slug":"rzodkiewka-do-upr-pod-osl-i-w-polu-saxa-3","status":"publish","type":"product","link":"https:\/\/torseed.eu\/ru\/produkt\/rzodkiewka-do-upr-pod-osl-i-w-polu-saxa-3\/","title":{"rendered":"Rzodkiewka (do upr.pod os\u0142.i w polu) Saxa 3"},"content":{"rendered":"<p>Odmiana przeznaczona du uprawy pod os\u0142onami i w polu na zbi\u00f3r jesienny, p\u00f3\u017anojesienny, wczesnowiosenny i wiosenny. Okres wegetacji oko\u0142o 30 dni.<\/p>","protected":false},"excerpt":{"rendered":"<p>Odmiana przeznaczona du uprawy pod os\u0142onami i w polu na zbi\u00f3r jesienny, p\u00f3\u017anojesienny, wczesnowiosenny i wiosenny. Okres wegetacji oko\u0142o 30 dni.<\/p>\n","protected":false},"featured_media":17747,"comment_status":"open","ping_status":"open","template":"","meta":{"inline_featured_image":false},"product_cat":[108,118],"product_tag":[],"acf":[],"featured_image":"https:\/\/torseed.eu\/app\/uploads\/2023\/03\/8816.jpg","_links":{"self":[{"href":"https:\/\/torseed.eu\/ru\/wp-json\/wp\/v2\/product\/31083"}],"collection":[{"href":"https:\/\/torseed.eu\/ru\/wp-json\/wp\/v2\/product"}],"about":[{"href":"https:\/\/torseed.eu\/ru\/wp-json\/wp\/v2\/types\/product"}],"replies":[{"embeddable":true,"href":"https:\/\/torseed.eu\/ru\/wp-json\/wp\/v2\/comments?post=31083"}],"version-history":[{"count":0,"href":"https:\/\/torseed.eu\/ru\/wp-json\/wp\/v2\/product\/31083\/revisions"}],"wp:featuredmedia":[{"embeddable":true,"href":"https:\/\/torseed.eu\/ru\/wp-json\/wp\/v2\/media\/17747"}],"wp:attachment":[{"href":"https:\/\/torseed.eu\/ru\/wp-json\/wp\/v2\/media?parent=31083"}],"wp:term":[{"taxonomy":"product_cat","embeddable":true,"href":"https:\/\/torseed.eu\/ru\/wp-json\/wp\/v2\/product_cat?post=31083"},{"taxonomy":"product_tag","embeddable":true,"href":"https:\/\/torseed.eu\/ru\/wp-json\/wp\/v2\/product_tag?post=31083"}],"curies":[{"name":"wp","href":"https:\/\/api.w.org\/{rel}","templated":true}]}}