{"id":31155,"date":"2022-06-15T06:20:57","date_gmt":"2022-06-15T06:20:57","guid":{"rendered":"https:\/\/refactor-second-attempt.torseed.dev.greenparrot.pl\/produkt\/pietruszka-korzeniowa-halblange-berlinska-tor-nano-gro\/"},"modified":"2023-03-29T18:44:11","modified_gmt":"2023-03-29T18:44:11","slug":"pietruszka-korzeniowa-halblange-berlinska-tor-nano-gro","status":"publish","type":"product","link":"https:\/\/torseed.eu\/ru\/produkt\/pietruszka-korzeniowa-halblange-berlinska-tor-nano-gro\/","title":{"rendered":"Pietruszka korzeniowa Halblange &#8211; Berli\u0144ska TOR NANO-GRO"},"content":{"rendered":"<p>Odmiana p\u00f3\u017ana, dobrze zimuj\u0105ca w polu, plenna, przydatna do bezpo\u015bredniego spo\u017cycia, przetw\u00f3rstwa i d\u0142ugiego przechowywania.<\/p>","protected":false},"excerpt":{"rendered":"<p>Odmiana p\u00f3\u017ana, dobrze zimuj\u0105ca w polu, plenna, przydatna do bezpo\u015bredniego spo\u017cycia, przetw\u00f3rstwa i d\u0142ugiego przechowywania.<\/p>\n","protected":false},"featured_media":26580,"comment_status":"open","ping_status":"closed","template":"","meta":{"inline_featured_image":false},"product_cat":[108,112],"product_tag":[],"acf":[],"featured_image":"https:\/\/torseed.eu\/app\/uploads\/2023\/03\/2203.jpg","_links":{"self":[{"href":"https:\/\/torseed.eu\/ru\/wp-json\/wp\/v2\/product\/31155"}],"collection":[{"href":"https:\/\/torseed.eu\/ru\/wp-json\/wp\/v2\/product"}],"about":[{"href":"https:\/\/torseed.eu\/ru\/wp-json\/wp\/v2\/types\/product"}],"replies":[{"embeddable":true,"href":"https:\/\/torseed.eu\/ru\/wp-json\/wp\/v2\/comments?post=31155"}],"version-history":[{"count":0,"href":"https:\/\/torseed.eu\/ru\/wp-json\/wp\/v2\/product\/31155\/revisions"}],"wp:featuredmedia":[{"embeddable":true,"href":"https:\/\/torseed.eu\/ru\/wp-json\/wp\/v2\/media\/26580"}],"wp:attachment":[{"href":"https:\/\/torseed.eu\/ru\/wp-json\/wp\/v2\/media?parent=31155"}],"wp:term":[{"taxonomy":"product_cat","embeddable":true,"href":"https:\/\/torseed.eu\/ru\/wp-json\/wp\/v2\/product_cat?post=31155"},{"taxonomy":"product_tag","embeddable":true,"href":"https:\/\/torseed.eu\/ru\/wp-json\/wp\/v2\/product_tag?post=31155"}],"curies":[{"name":"wp","href":"https:\/\/api.w.org\/{rel}","templated":true}]}}