{"id":31160,"date":"2022-06-15T06:20:53","date_gmt":"2022-06-15T06:20:53","guid":{"rendered":"https:\/\/refactor-second-attempt.torseed.dev.greenparrot.pl\/produkt\/pasternak-poldlugi-bialy\/"},"modified":"2023-09-08T10:35:39","modified_gmt":"2023-09-08T09:35:39","slug":"pasternak-poldlugi-bialy","status":"publish","type":"product","link":"https:\/\/torseed.eu\/ru\/produkt\/pasternak-poldlugi-bialy\/","title":{"rendered":"\u041f\u0430\u0441\u0442\u0435\u0440\u043d\u0430\u043a P\u00f3\u0142d\u0142ugi Bia\u0142y"},"content":{"rendered":"\r\n<p>\u041f\u043e\u043b\u0435\u0437\u043d\u043e\u0439 \u0447\u0430\u0441\u0442\u044c\u044e \u044f\u0432\u043b\u044f\u0435\u0442\u0441\u044f \u043e\u0441\u0435\u0432\u043e\u0439 \u043a\u043e\u0440\u0435\u043d\u044c, \u0441\u043e\u0434\u0435\u0440\u0436\u0430\u0449\u0438\u0439 \u043c\u043d\u043e\u0433\u043e \u043c\u0438\u043d\u0435\u0440\u0430\u043b\u044c\u043d\u044b\u0445 \u0441\u043e\u043b\u0435\u0439, \u0441\u0430\u0445\u0430\u0440\u043e\u0432 \u0438 \u0432\u0438\u0442\u0430\u043c\u0438\u043d\u043e\u0432. \u041f\u0440\u0435\u0434\u043d\u0430\u0437\u043d\u0430\u0447\u0435\u043d \u0434\u043b\u044f \u043f\u0440\u0438\u0433\u043e\u0442\u043e\u0432\u043b\u0435\u043d\u0438\u044f \u0441\u0430\u043b\u0430\u0442\u043e\u0432, \u043f\u044e\u0440\u0435, \u0432 \u043a\u0430\u0447\u0435\u0441\u0442\u0432\u0435 \u043f\u0440\u0438\u043f\u0440\u0430\u0432\u044b \u043f\u0440\u0438 \u043f\u0440\u043e\u0438\u0437\u0432\u043e\u0434\u0441\u0442\u0432\u0435 \u0441\u0443\u0445\u043e\u0444\u0440\u0443\u043a\u0442\u043e\u0432. \u041c\u043e\u0436\u0435\u0442 \u0437\u0438\u043c\u043e\u0432\u0430\u0442\u044c \u0432 \u043f\u043e\u043b\u0435.<\/p>\r\n","protected":false},"excerpt":{"rendered":"<p>\u041f\u043e\u043b\u0435\u0437\u043d\u043e\u0439 \u0447\u0430\u0441\u0442\u044c\u044e \u044f\u0432\u043b\u044f\u0435\u0442\u0441\u044f \u043e\u0441\u0435\u0432\u043e\u0439 \u043a\u043e\u0440\u0435\u043d\u044c, \u0441\u043e\u0434\u0435\u0440\u0436\u0430\u0449\u0438\u0439 \u043c\u043d\u043e\u0433\u043e \u043c\u0438\u043d\u0435\u0440\u0430\u043b\u044c\u043d\u044b\u0445 \u0441\u043e\u043b\u0435\u0439, \u0441\u0430\u0445\u0430\u0440\u043e\u0432 \u0438 \u0432\u0438\u0442\u0430\u043c\u0438\u043d\u043e\u0432. \u041f\u0440\u0435\u0434\u043d\u0430\u0437\u043d\u0430\u0447\u0435\u043d \u0434\u043b\u044f \u043f\u0440\u0438\u0433\u043e\u0442\u043e\u0432\u043b\u0435\u043d\u0438\u044f \u0441\u0430\u043b\u0430\u0442\u043e\u0432, \u043f\u044e\u0440\u0435, \u0432 \u043a\u0430\u0447\u0435\u0441\u0442\u0432\u0435 \u043f\u0440\u0438\u043f\u0440\u0430\u0432\u044b \u043f\u0440\u0438 \u043f\u0440\u043e\u0438\u0437\u0432\u043e\u0434\u0441\u0442\u0432\u0435 \u0441\u0443\u0445\u043e\u0444\u0440\u0443\u043a\u0442\u043e\u0432. \u041c\u043e\u0436\u0435\u0442 \u0437\u0438\u043c\u043e\u0432\u0430\u0442\u044c \u0432 \u043f\u043e\u043b\u0435.<\/p>\n","protected":false},"featured_media":17513,"comment_status":"open","ping_status":"open","template":"","meta":{"inline_featured_image":false},"product_cat":[108,118],"product_tag":[],"acf":[],"featured_image":"https:\/\/torseed.eu\/app\/uploads\/2023\/03\/8368.jpg","_links":{"self":[{"href":"https:\/\/torseed.eu\/ru\/wp-json\/wp\/v2\/product\/31160"}],"collection":[{"href":"https:\/\/torseed.eu\/ru\/wp-json\/wp\/v2\/product"}],"about":[{"href":"https:\/\/torseed.eu\/ru\/wp-json\/wp\/v2\/types\/product"}],"replies":[{"embeddable":true,"href":"https:\/\/torseed.eu\/ru\/wp-json\/wp\/v2\/comments?post=31160"}],"version-history":[{"count":1,"href":"https:\/\/torseed.eu\/ru\/wp-json\/wp\/v2\/product\/31160\/revisions"}],"predecessor-version":[{"id":40414,"href":"https:\/\/torseed.eu\/ru\/wp-json\/wp\/v2\/product\/31160\/revisions\/40414"}],"wp:featuredmedia":[{"embeddable":true,"href":"https:\/\/torseed.eu\/ru\/wp-json\/wp\/v2\/media\/17513"}],"wp:attachment":[{"href":"https:\/\/torseed.eu\/ru\/wp-json\/wp\/v2\/media?parent=31160"}],"wp:term":[{"taxonomy":"product_cat","embeddable":true,"href":"https:\/\/torseed.eu\/ru\/wp-json\/wp\/v2\/product_cat?post=31160"},{"taxonomy":"product_tag","embeddable":true,"href":"https:\/\/torseed.eu\/ru\/wp-json\/wp\/v2\/product_tag?post=31160"}],"curies":[{"name":"wp","href":"https:\/\/api.w.org\/{rel}","templated":true}]}}