{"id":31191,"date":"2022-06-15T06:20:12","date_gmt":"2022-06-15T06:20:12","guid":{"rendered":"https:\/\/refactor-second-attempt.torseed.dev.greenparrot.pl\/produkt\/ogorek-grunt-konserwowy-polan-f1-otoczka\/"},"modified":"2023-03-29T18:45:11","modified_gmt":"2023-03-29T18:45:11","slug":"ogorek-grunt-konserwowy-polan-f1-otoczka","status":"publish","type":"product","link":"https:\/\/torseed.eu\/ru\/produkt\/ogorek-grunt-konserwowy-polan-f1-otoczka\/","title":{"rendered":"Og\u00f3rek grunt. konserwowy Polan F1 OTOCZKA"},"content":{"rendered":"<p>Odmiana \u015bredniowczesna, plenna o grubych brodawkach i czarnych kolcach. Wykazuje ca\u0142kowit\u0105 odporno\u015b\u0107 na parcha dyniowatych. Owoce d\u0142ugo\u015bci 6-10 cm przydatne r\u00f3wnie\u017c do kwaszenia.<\/p>","protected":false},"excerpt":{"rendered":"<p>Odmiana \u015bredniowczesna, plenna o grubych brodawkach i czarnych kolcach. Wykazuje ca\u0142kowit\u0105 odporno\u015b\u0107 na parcha dyniowatych. Owoce d\u0142ugo\u015bci 6-10 cm przydatne r\u00f3wnie\u017c do kwaszenia.<\/p>\n","protected":false},"featured_media":26405,"comment_status":"open","ping_status":"closed","template":"","meta":{"inline_featured_image":false},"product_cat":[108,116],"product_tag":[],"acf":[],"featured_image":"https:\/\/torseed.eu\/app\/uploads\/2023\/03\/7187.jpg","_links":{"self":[{"href":"https:\/\/torseed.eu\/ru\/wp-json\/wp\/v2\/product\/31191"}],"collection":[{"href":"https:\/\/torseed.eu\/ru\/wp-json\/wp\/v2\/product"}],"about":[{"href":"https:\/\/torseed.eu\/ru\/wp-json\/wp\/v2\/types\/product"}],"replies":[{"embeddable":true,"href":"https:\/\/torseed.eu\/ru\/wp-json\/wp\/v2\/comments?post=31191"}],"version-history":[{"count":0,"href":"https:\/\/torseed.eu\/ru\/wp-json\/wp\/v2\/product\/31191\/revisions"}],"wp:featuredmedia":[{"embeddable":true,"href":"https:\/\/torseed.eu\/ru\/wp-json\/wp\/v2\/media\/26405"}],"wp:attachment":[{"href":"https:\/\/torseed.eu\/ru\/wp-json\/wp\/v2\/media?parent=31191"}],"wp:term":[{"taxonomy":"product_cat","embeddable":true,"href":"https:\/\/torseed.eu\/ru\/wp-json\/wp\/v2\/product_cat?post=31191"},{"taxonomy":"product_tag","embeddable":true,"href":"https:\/\/torseed.eu\/ru\/wp-json\/wp\/v2\/product_tag?post=31191"}],"curies":[{"name":"wp","href":"https:\/\/api.w.org\/{rel}","templated":true}]}}