{"id":31205,"date":"2022-06-15T06:19:49","date_gmt":"2022-06-15T06:19:49","guid":{"rendered":"https:\/\/refactor-second-attempt.torseed.dev.greenparrot.pl\/produkt\/ogorek-grunt-konserwowy-edyp-f1-nano-gro\/"},"modified":"2023-03-29T18:45:38","modified_gmt":"2023-03-29T18:45:38","slug":"ogorek-grunt-konserwowy-edyp-f1-nano-gro","status":"publish","type":"product","link":"https:\/\/torseed.eu\/ru\/produkt\/ogorek-grunt-konserwowy-edyp-f1-nano-gro\/","title":{"rendered":"Og\u00f3rek grunt. konserwowy Edyp F1 NANO-GRO"},"content":{"rendered":"<p>Odmiana \u015bredniowczesna do uprawy polowej. Owoce bardzo kszta\u0142tne, z lekkim po\u0142yskiem, bardzo smaczne. Odmiana ta wyr\u00f3\u017cnia si\u0119 wysok\u0105 odporno\u015bci\u0105 na choroby, szczeg\u00f3lnie m\u0105czniaka rzekomego. Polecana na korniszony do konserwowania i kwaszenia.<\/p>","protected":false},"excerpt":{"rendered":"<p>Odmiana \u015bredniowczesna do uprawy polowej. Owoce bardzo kszta\u0142tne, z lekkim po\u0142yskiem, bardzo smaczne. Odmiana ta wyr\u00f3\u017cnia si\u0119 wysok\u0105 odporno\u015bci\u0105 na choroby, szczeg\u00f3lnie m\u0105czniaka rzekomego. Polecana na korniszony do konserwowania i kwaszenia.<\/p>\n","protected":false},"featured_media":17383,"comment_status":"open","ping_status":"open","template":"","meta":{"inline_featured_image":false},"product_cat":[108,112],"product_tag":[],"acf":[],"featured_image":"https:\/\/torseed.eu\/app\/uploads\/2023\/03\/7250.jpg","_links":{"self":[{"href":"https:\/\/torseed.eu\/ru\/wp-json\/wp\/v2\/product\/31205"}],"collection":[{"href":"https:\/\/torseed.eu\/ru\/wp-json\/wp\/v2\/product"}],"about":[{"href":"https:\/\/torseed.eu\/ru\/wp-json\/wp\/v2\/types\/product"}],"replies":[{"embeddable":true,"href":"https:\/\/torseed.eu\/ru\/wp-json\/wp\/v2\/comments?post=31205"}],"version-history":[{"count":0,"href":"https:\/\/torseed.eu\/ru\/wp-json\/wp\/v2\/product\/31205\/revisions"}],"wp:featuredmedia":[{"embeddable":true,"href":"https:\/\/torseed.eu\/ru\/wp-json\/wp\/v2\/media\/17383"}],"wp:attachment":[{"href":"https:\/\/torseed.eu\/ru\/wp-json\/wp\/v2\/media?parent=31205"}],"wp:term":[{"taxonomy":"product_cat","embeddable":true,"href":"https:\/\/torseed.eu\/ru\/wp-json\/wp\/v2\/product_cat?post=31205"},{"taxonomy":"product_tag","embeddable":true,"href":"https:\/\/torseed.eu\/ru\/wp-json\/wp\/v2\/product_tag?post=31205"}],"curies":[{"name":"wp","href":"https:\/\/api.w.org\/{rel}","templated":true}]}}