{"id":31237,"date":"2022-06-15T06:19:06","date_gmt":"2022-06-15T06:19:06","guid":{"rendered":"https:\/\/refactor-second-attempt.torseed.dev.greenparrot.pl\/produkt\/marchew-jad-flakkese-2-otoczka\/"},"modified":"2023-03-29T18:46:21","modified_gmt":"2023-03-29T18:46:21","slug":"marchew-jad-flakkese-2-otoczka","status":"publish","type":"product","link":"https:\/\/torseed.eu\/ru\/produkt\/marchew-jad-flakkese-2-otoczka\/","title":{"rendered":"Marchew jad. Flakkese 2 OTOCZKA"},"content":{"rendered":"<p>Odmiana p\u00f3\u017ana, plenna, przydatna do bezpo\u015bredniego spo\u017cycia, d\u0142ugiego przechowywania oraz dla przetw\u00f3rstwa, szczeg\u00f3lnie na soki.<\/p>","protected":false},"excerpt":{"rendered":"<p>Odmiana p\u00f3\u017ana, plenna, przydatna do bezpo\u015bredniego spo\u017cycia, d\u0142ugiego przechowywania oraz dla przetw\u00f3rstwa, szczeg\u00f3lnie na soki.<\/p>\n","protected":false},"featured_media":17287,"comment_status":"open","ping_status":"open","template":"","meta":{"inline_featured_image":false},"product_cat":[108,116],"product_tag":[],"acf":[],"featured_image":"https:\/\/torseed.eu\/app\/uploads\/2023\/03\/8175.jpg","_links":{"self":[{"href":"https:\/\/torseed.eu\/ru\/wp-json\/wp\/v2\/product\/31237"}],"collection":[{"href":"https:\/\/torseed.eu\/ru\/wp-json\/wp\/v2\/product"}],"about":[{"href":"https:\/\/torseed.eu\/ru\/wp-json\/wp\/v2\/types\/product"}],"replies":[{"embeddable":true,"href":"https:\/\/torseed.eu\/ru\/wp-json\/wp\/v2\/comments?post=31237"}],"version-history":[{"count":0,"href":"https:\/\/torseed.eu\/ru\/wp-json\/wp\/v2\/product\/31237\/revisions"}],"wp:featuredmedia":[{"embeddable":true,"href":"https:\/\/torseed.eu\/ru\/wp-json\/wp\/v2\/media\/17287"}],"wp:attachment":[{"href":"https:\/\/torseed.eu\/ru\/wp-json\/wp\/v2\/media?parent=31237"}],"wp:term":[{"taxonomy":"product_cat","embeddable":true,"href":"https:\/\/torseed.eu\/ru\/wp-json\/wp\/v2\/product_cat?post=31237"},{"taxonomy":"product_tag","embeddable":true,"href":"https:\/\/torseed.eu\/ru\/wp-json\/wp\/v2\/product_tag?post=31237"}],"curies":[{"name":"wp","href":"https:\/\/api.w.org\/{rel}","templated":true}]}}