{"id":31243,"date":"2022-06-15T06:18:56","date_gmt":"2022-06-15T06:18:56","guid":{"rendered":"https:\/\/refactor-second-attempt.torseed.dev.greenparrot.pl\/produkt\/marchew-jad-berlikumer-2-perfekcja-tor-nano-gro\/"},"modified":"2023-03-29T18:46:39","modified_gmt":"2023-03-29T18:46:39","slug":"marchew-jad-berlikumer-2-perfekcja-tor-nano-gro","status":"publish","type":"product","link":"https:\/\/torseed.eu\/ru\/produkt\/marchew-jad-berlikumer-2-perfekcja-tor-nano-gro\/","title":{"rendered":"Marchew jad. Berlikumer 2 &#8211; Perfekcja TOR NANO-GRO"},"content":{"rendered":"<p>Odmiana p\u00f3\u017ana, szczeg\u00f3lnie przydatna do przechowywania. Okres wegetacji ok. 150 dni. Korze\u0144 d\u0142ugo\u015bci 16-19 cm.<\/p>","protected":false},"excerpt":{"rendered":"<p>Odmiana p\u00f3\u017ana, szczeg\u00f3lnie przydatna do przechowywania. Okres wegetacji ok. 150 dni. Korze\u0144 d\u0142ugo\u015bci 16-19 cm.<\/p>\n","protected":false},"featured_media":26149,"comment_status":"open","ping_status":"closed","template":"","meta":{"inline_featured_image":false},"product_cat":[108,112],"product_tag":[],"acf":[],"featured_image":"https:\/\/torseed.eu\/app\/uploads\/2023\/03\/2201.jpg","_links":{"self":[{"href":"https:\/\/torseed.eu\/ru\/wp-json\/wp\/v2\/product\/31243"}],"collection":[{"href":"https:\/\/torseed.eu\/ru\/wp-json\/wp\/v2\/product"}],"about":[{"href":"https:\/\/torseed.eu\/ru\/wp-json\/wp\/v2\/types\/product"}],"replies":[{"embeddable":true,"href":"https:\/\/torseed.eu\/ru\/wp-json\/wp\/v2\/comments?post=31243"}],"version-history":[{"count":0,"href":"https:\/\/torseed.eu\/ru\/wp-json\/wp\/v2\/product\/31243\/revisions"}],"wp:featuredmedia":[{"embeddable":true,"href":"https:\/\/torseed.eu\/ru\/wp-json\/wp\/v2\/media\/26149"}],"wp:attachment":[{"href":"https:\/\/torseed.eu\/ru\/wp-json\/wp\/v2\/media?parent=31243"}],"wp:term":[{"taxonomy":"product_cat","embeddable":true,"href":"https:\/\/torseed.eu\/ru\/wp-json\/wp\/v2\/product_cat?post=31243"},{"taxonomy":"product_tag","embeddable":true,"href":"https:\/\/torseed.eu\/ru\/wp-json\/wp\/v2\/product_tag?post=31243"}],"curies":[{"name":"wp","href":"https:\/\/api.w.org\/{rel}","templated":true}]}}