{"id":31247,"date":"2022-06-15T06:18:53","date_gmt":"2022-06-15T06:18:53","guid":{"rendered":"https:\/\/refactor-second-attempt.torseed.dev.greenparrot.pl\/produkt\/marchew-jad-amsterdam-3-amsterdamska-tor-otoczka\/"},"modified":"2023-03-29T18:46:43","modified_gmt":"2023-03-29T18:46:43","slug":"marchew-jad-amsterdam-3-amsterdamska-tor-otoczka","status":"publish","type":"product","link":"https:\/\/torseed.eu\/ru\/produkt\/marchew-jad-amsterdam-3-amsterdamska-tor-otoczka\/","title":{"rendered":"Marchew jad. Amsterdam 3 &#8211; Amsterdamska TOR OTOCZKA"},"content":{"rendered":"<p>Odmiana wczesna (90-110 dni), plenna, przeznaczona do uprawy w polu i pod os\u0142onami na wczesnym i \u015brednio wczesny zbi\u00f3r.<\/p>","protected":false},"excerpt":{"rendered":"<p>Odmiana wczesna (90-110 dni), plenna, przeznaczona do uprawy w polu i pod os\u0142onami na wczesnym i \u015brednio wczesny zbi\u00f3r.<\/p>\n","protected":false},"featured_media":26134,"comment_status":"open","ping_status":"closed","template":"","meta":{"inline_featured_image":false},"product_cat":[108,116],"product_tag":[],"acf":[],"featured_image":"https:\/\/torseed.eu\/app\/uploads\/2023\/03\/8159.jpg","_links":{"self":[{"href":"https:\/\/torseed.eu\/ru\/wp-json\/wp\/v2\/product\/31247"}],"collection":[{"href":"https:\/\/torseed.eu\/ru\/wp-json\/wp\/v2\/product"}],"about":[{"href":"https:\/\/torseed.eu\/ru\/wp-json\/wp\/v2\/types\/product"}],"replies":[{"embeddable":true,"href":"https:\/\/torseed.eu\/ru\/wp-json\/wp\/v2\/comments?post=31247"}],"version-history":[{"count":0,"href":"https:\/\/torseed.eu\/ru\/wp-json\/wp\/v2\/product\/31247\/revisions"}],"wp:featuredmedia":[{"embeddable":true,"href":"https:\/\/torseed.eu\/ru\/wp-json\/wp\/v2\/media\/26134"}],"wp:attachment":[{"href":"https:\/\/torseed.eu\/ru\/wp-json\/wp\/v2\/media?parent=31247"}],"wp:term":[{"taxonomy":"product_cat","embeddable":true,"href":"https:\/\/torseed.eu\/ru\/wp-json\/wp\/v2\/product_cat?post=31247"},{"taxonomy":"product_tag","embeddable":true,"href":"https:\/\/torseed.eu\/ru\/wp-json\/wp\/v2\/product_tag?post=31247"}],"curies":[{"name":"wp","href":"https:\/\/api.w.org\/{rel}","templated":true}]}}